{"id":3125,"date":"2022-10-27T16:02:52","date_gmt":"2022-10-27T14:02:52","guid":{"rendered":"https:\/\/nierhaus-knieschoner.de\/marca-del-distribuidor-perforacion\/"},"modified":"2023-10-10T15:19:38","modified_gmt":"2023-10-10T13:19:38","slug":"marca-del-distribuidor-perforacion","status":"publish","type":"page","link":"https:\/\/nierhaus-knieschoner.de\/es\/marca-del-distribuidor-perforacion\/","title":{"rendered":"Marca del distribuidor &#8211; Perforaci\u00f3n"},"content":{"rendered":"<p>[et_pb_section fb_built=\u00bb1&#8243; _builder_version=\u00bb4.18.0&#8243; _module_preset=\u00bbdefault\u00bb use_background_color_gradient=\u00bbon\u00bb background_color_gradient_direction=\u00bb80deg\u00bb background_color_gradient_stops=\u00bbrgba(255,255,255,0) 0%|rgba(0,2,0,0.65) 100%\u00bb background_color_gradient_overlays_image=\u00bbon\u00bb background_image=\u00bbhttps:\/\/nierhaus-knieschoner.de\/wp-content\/uploads\/2022\/10\/individueller-knieschutz-3292_b-1.jpg\u00bb positioning=\u00bbnone\u00bb position_origin_a=\u00bbtop_center\u00bb custom_margin=\u00bb-50px||||false|false\u00bb custom_padding=\u00bb0px||0px||true|false\u00bb global_colors_info=\u00bb{}\u00bb][et_pb_row _builder_version=\u00bb4.18.0&#8243; _module_preset=\u00bbdefault\u00bb width=\u00bb50%\u00bb width_tablet=\u00bb90%\u00bb width_phone=\u00bb90%\u00bb width_last_edited=\u00bbon|phone\u00bb module_alignment=\u00bbright\u00bb height=\u00bb65vh\u00bb module_alignment_tablet=\u00bbright\u00bb module_alignment_phone=\u00bbcenter\u00bb module_alignment_last_edited=\u00bbon|tablet\u00bb global_colors_info=\u00bb{}\u00bb][et_pb_column type=\u00bb4_4&#8243; _builder_version=\u00bb4.18.0&#8243; _module_preset=\u00bbdefault\u00bb global_colors_info=\u00bb{}\u00bb][et_pb_text _builder_version=\u00bb4.18.0&#8243; _module_preset=\u00bbdefault\u00bb header_font=\u00bb|600|||||||\u00bb header_text_color=\u00bb#e8e8e8&#8243; header_font_size=\u00bb50px\u00bb custom_padding=\u00bb20vh||||false|false\u00bb animation_style=\u00bbzoom\u00bb animation_delay=\u00bb500ms\u00bb header_font_size_tablet=\u00bb50px\u00bb header_font_size_phone=\u00bb45px\u00bb header_font_size_last_edited=\u00bbon|phone\u00bb header_text_shadow_style=\u00bbpreset2&#8243; global_colors_info=\u00bb{}\u00bb]<\/p>\n<h1>Protecci\u00f3n profesional para las rodillas<\/h1>\n<p>[\/et_pb_text][et_pb_text _builder_version=\u00bb4.18.0&#8243; _module_preset=\u00bbdefault\u00bb header_font=\u00bb|600|||||||\u00bb header_text_color=\u00bb#e8e8e8&#8243; header_font_size=\u00bb50px\u00bb header_2_font=\u00bb|600|||||||\u00bb header_2_text_color=\u00bb#e8e8e8&#8243; header_2_font_size=\u00bb45px\u00bb custom_padding=\u00bb|||50px|false|false\u00bb custom_padding_tablet=\u00bb|||50px|false|false\u00bb custom_padding_phone=\u00bb|||0px|false|false\u00bb custom_padding_last_edited=\u00bbon|phone\u00bb animation_style=\u00bbzoom\u00bb animation_delay=\u00bb2200ms\u00bb header_2_font_size_tablet=\u00bb45px\u00bb header_2_font_size_phone=\u00bb36px\u00bb header_2_font_size_last_edited=\u00bbon|phone\u00bb header_text_shadow_style=\u00bbpreset2&#8243; header_2_text_shadow_style=\u00bbpreset2&#8243; global_colors_info=\u00bb{}\u00bb]<\/p>\n<h2>individual para USTED<\/h2>\n<p>[\/et_pb_text][\/et_pb_column][\/et_pb_row][\/et_pb_section][et_pb_section fb_built=\u00bb1&#8243; _builder_version=\u00bb4.19.5&#8243; _module_preset=\u00bbdefault\u00bb background_color=\u00bb#CED5D9&#8243; custom_padding=\u00bb0px||0px||false|false\u00bb bottom_divider_height=\u00bb50px\u00bb bottom_divider_repeat=\u00bb1x\u00bb bottom_divider_height_tablet=\u00bb20px\u00bb bottom_divider_height_phone=\u00bb10px\u00bb bottom_divider_height_last_edited=\u00bbon|phone\u00bb global_colors_info=\u00bb{}\u00bb][et_pb_row _builder_version=\u00bb4.18.0&#8243; _module_preset=\u00bbdefault\u00bb width=\u00bb90%\u00bb max_width=\u00bb90%\u00bb global_colors_info=\u00bb{}\u00bb][et_pb_column type=\u00bb4_4&#8243; _builder_version=\u00bb4.18.0&#8243; _module_preset=\u00bbdefault\u00bb global_colors_info=\u00bb{}\u00bb][et_pb_text _builder_version=\u00bb4.20.2&#8243; _module_preset=\u00bbdefault\u00bb header_font_size=\u00bb2.8rem\u00bb header_2_font_size=\u00bb45px\u00bb header_font_size_tablet=\u00bb2.8rem\u00bb header_font_size_phone=\u00bb2rem\u00bb header_font_size_last_edited=\u00bbon|phone\u00bb global_colors_info=\u00bb{}\u00bb]<\/p>\n<p style=\"text-align: center;\">Su marca blanca<\/p>\n<h1 style=\"text-align: center;\">Rodilleras y protectores de rodilla<br \/>con presentaci\u00f3n individual o logotipo<\/h1>\n<p>[\/et_pb_text][\/et_pb_column][\/et_pb_row][\/et_pb_section][et_pb_section fb_built=\u00bb1&#8243; _builder_version=\u00bb4.20.0&#8243; _module_preset=\u00bbdefault\u00bb background_enable_color=\u00bboff\u00bb background_enable_image=\u00bboff\u00bb background_size=\u00bbinitial\u00bb bottom_divider_height=\u00bb50px\u00bb bottom_divider_flip=\u00bbhorizontal\u00bb bottom_divider_height_tablet=\u00bb20px\u00bb bottom_divider_height_phone=\u00bb10px\u00bb bottom_divider_height_last_edited=\u00bbon|phone\u00bb global_colors_info=\u00bb{}\u00bb][et_pb_row column_structure=\u00bb1_2,1_2&#8243; _builder_version=\u00bb4.18.0&#8243; _module_preset=\u00bbdefault\u00bb width=\u00bb90%\u00bb max_width=\u00bb90%\u00bb global_colors_info=\u00bb{}\u00bb][et_pb_column type=\u00bb1_2&#8243; _builder_version=\u00bb4.18.0&#8243; _module_preset=\u00bbdefault\u00bb global_colors_info=\u00bb{}\u00bb][et_pb_text _builder_version=\u00bb4.20.0&#8243; _module_preset=\u00bbdefault\u00bb header_2_font_size=\u00bb24px\u00bb custom_padding=\u00bb||0px|||\u00bb global_colors_info=\u00bb{}\u00bb]<\/p>\n<p>Como fabricante, podemos personalizar algunos de nuestros productos para usted. Aqu\u00ed, dependiendo del producto, existe la posibilidad de fabricar los productos para usted con su propia etiqueta, embalaje exterior, colores, logotipo, etc.<\/p>\n<h2>Las rodilleras para fabricantes de pantalones tambi\u00e9n son posibles a petici\u00f3n individual:<\/h2>\n<p>Adem\u00e1s de nuestra propia gama de rodilleras para pantalones de trabajo, tambi\u00e9n fabricamos rodilleras para usted a partir de planchas de caucho celular de diversos grosores y con cualquier forma. Si lo desea, podemos fabricarle un punz\u00f3n individual y utilizarlo para producir sus rodilleras de conformidad con las normas.<\/p>\n<p>[\/et_pb_text][\/et_pb_column][et_pb_column type=\u00bb1_2&#8243; _builder_version=\u00bb4.18.0&#8243; _module_preset=\u00bbdefault\u00bb global_colors_info=\u00bb{}\u00bb][et_pb_text _builder_version=\u00bb4.19.5&#8243; _module_preset=\u00bbdefault\u00bb header_2_font_size=\u00bb24px\u00bb custom_padding=\u00bb||0px|||\u00bb global_colors_info=\u00bb{}\u00bb]<\/p>\n<h2>Trabajos de punzonado a partir de planchas de caucho celular:<\/h2>\n<p>Si necesita piezas moldeadas de planchas de caucho celular o materiales similares con diferentes durezas shore, estaremos encantados de fabricarle una herramienta de punzonado y ofrecerle piezas punzonadas individuales.<\/p>\n<p>Si desea un producto para campa\u00f1as de marketing o desea una rodillera de larga duraci\u00f3n, un coj\u00edn para rodillas con su propia marca o desea dise\u00f1ar un producto usted mismo, no tiene m\u00e1s que <a href=\"mailto:%20nierhaus@nierhaus.de\">ponerse en contacto con nosotros<\/a>.<\/p>\n<p>[\/et_pb_text][\/et_pb_column][\/et_pb_row][\/et_pb_section][et_pb_section fb_built=\u00bb1&#8243; _builder_version=\u00bb4.19.5&#8243; _module_preset=\u00bbdefault\u00bb background_color=\u00bb#E8E8E8&#8243; background_enable_image=\u00bboff\u00bb parallax=\u00bbon\u00bb parallax_method=\u00bboff\u00bb bottom_divider_color=\u00bb#222222&#8243; bottom_divider_height=\u00bb50px\u00bb bottom_divider_height_tablet=\u00bb20px\u00bb bottom_divider_height_phone=\u00bb10px\u00bb bottom_divider_height_last_edited=\u00bbon|phone\u00bb global_colors_info=\u00bb{}\u00bb][et_pb_row column_structure=\u00bb1_2,1_2&#8243; _builder_version=\u00bb4.18.0&#8243; _module_preset=\u00bbdefault\u00bb width=\u00bb90%\u00bb max_width=\u00bb90%\u00bb global_colors_info=\u00bb{}\u00bb][et_pb_column type=\u00bb1_2&#8243; _builder_version=\u00bb4.18.0&#8243; _module_preset=\u00bbdefault\u00bb global_colors_info=\u00bb{}\u00bb][et_pb_image src=\u00bbhttps:\/\/nierhaus-knieschoner.de\/wp-content\/uploads\/2023\/02\/design-private-label-stanzarbeiten.jpg\u00bb alt=\u00bbProtecci\u00f3n para las rodillas con su etiqueta\u00bb title_text=\u00bbProtecci\u00f3n para las rodillas con su etiqueta\u00bb _builder_version=\u00bb4.19.5&#8243; _module_preset=\u00bbdefault\u00bb global_colors_info=\u00bb{}\u00bb][\/et_pb_image][\/et_pb_column][et_pb_column type=\u00bb1_2&#8243; _builder_version=\u00bb4.18.0&#8243; _module_preset=\u00bbdefault\u00bb global_colors_info=\u00bb{}\u00bb][et_pb_image src=\u00bbhttps:\/\/nierhaus-knieschoner.de\/wp-content\/uploads\/2023\/02\/Kniepolster-fuer-Feuerschutzkleidung.jpg\u00bb alt=\u00bbRodilleras para ropa de protecci\u00f3n contra incendios\u00bb title_text=\u00bbRodilleras para ropa de protecci\u00f3n contra incendios\u00bb _builder_version=\u00bb4.19.5&#8243; _module_preset=\u00bbdefault\u00bb global_colors_info=\u00bb{}\u00bb][\/et_pb_image][\/et_pb_column][\/et_pb_row][\/et_pb_section]<\/p>\n","protected":false},"excerpt":{"rendered":"<p>Protecci\u00f3n profesional para las rodillasindividual para USTEDSu marca blanca Rodilleras y protectores de rodillacon presentaci\u00f3n individual o logotipoComo fabricante, podemos personalizar algunos de nuestros productos para usted. Aqu\u00ed, dependiendo del producto, existe la posibilidad de fabricar los productos para usted con su propia etiqueta, embalaje exterior, colores, logotipo, etc. Las rodilleras para fabricantes de pantalones [&hellip;]<\/p>\n","protected":false},"author":1,"featured_media":0,"parent":0,"menu_order":0,"comment_status":"closed","ping_status":"closed","template":"","meta":{"_et_pb_use_builder":"on","_et_pb_old_content":"","_et_gb_content_width":"","footnotes":""},"class_list":["post-3125","page","type-page","status-publish","hentry"],"_links":{"self":[{"href":"https:\/\/nierhaus-knieschoner.de\/es\/wp-json\/wp\/v2\/pages\/3125","targetHints":{"allow":["GET"]}}],"collection":[{"href":"https:\/\/nierhaus-knieschoner.de\/es\/wp-json\/wp\/v2\/pages"}],"about":[{"href":"https:\/\/nierhaus-knieschoner.de\/es\/wp-json\/wp\/v2\/types\/page"}],"author":[{"embeddable":true,"href":"https:\/\/nierhaus-knieschoner.de\/es\/wp-json\/wp\/v2\/users\/1"}],"replies":[{"embeddable":true,"href":"https:\/\/nierhaus-knieschoner.de\/es\/wp-json\/wp\/v2\/comments?post=3125"}],"version-history":[{"count":10,"href":"https:\/\/nierhaus-knieschoner.de\/es\/wp-json\/wp\/v2\/pages\/3125\/revisions"}],"predecessor-version":[{"id":4565,"href":"https:\/\/nierhaus-knieschoner.de\/es\/wp-json\/wp\/v2\/pages\/3125\/revisions\/4565"}],"wp:attachment":[{"href":"https:\/\/nierhaus-knieschoner.de\/es\/wp-json\/wp\/v2\/media?parent=3125"}],"curies":[{"name":"wp","href":"https:\/\/api.w.org\/{rel}","templated":true}]}}