{"id":3137,"date":"2022-08-25T14:17:51","date_gmt":"2022-08-25T12:17:51","guid":{"rendered":"https:\/\/nierhaus-knieschoner.de\/quienes-somos\/"},"modified":"2023-10-10T15:20:18","modified_gmt":"2023-10-10T13:20:18","slug":"quienes-somos","status":"publish","type":"page","link":"https:\/\/nierhaus-knieschoner.de\/es\/quienes-somos\/","title":{"rendered":"Qui\u00e9nes somos"},"content":{"rendered":"<p>[et_pb_section fb_built=\u00bb1&#8243; disabled_on=\u00bbon|on|on\u00bb _builder_version=\u00bb4.18.0&#8243; _module_preset=\u00bbdefault\u00bb background_enable_image=\u00bboff\u00bb positioning=\u00bbnone\u00bb position_origin_a=\u00bbtop_center\u00bb custom_margin=\u00bb-50px||||false|false\u00bb custom_padding=\u00bb0px||0px||true|false\u00bb disabled=\u00bbon\u00bb global_colors_info=\u00bb{}\u00bb][et_pb_row _builder_version=\u00bb4.18.0&#8243; _module_preset=\u00bbdefault\u00bb width=\u00bb100%\u00bb max_width=\u00bb100%\u00bb global_colors_info=\u00bb{}\u00bb][et_pb_column type=\u00bb4_4&#8243; _builder_version=\u00bb4.18.0&#8243; _module_preset=\u00bbdefault\u00bb global_colors_info=\u00bb{}\u00bb][\/et_pb_column][\/et_pb_row][\/et_pb_section][et_pb_section fb_built=\u00bb1&#8243; _builder_version=\u00bb4.19.5&#8243; _module_preset=\u00bbdefault\u00bb use_background_color_gradient=\u00bbon\u00bb background_color_gradient_direction=\u00bb80deg\u00bb background_color_gradient_stops=\u00bbrgba(255,255,255,0) 0%|rgba(0,2,0,0.65) 100%\u00bb background_color_gradient_overlays_image=\u00bbon\u00bb background_image=\u00bbhttps:\/\/nierhaus-knieschoner.de\/wp-content\/uploads\/2023\/02\/Titel-ueber-uns.jpg\u00bb positioning=\u00bbnone\u00bb position_origin_a=\u00bbtop_center\u00bb custom_margin=\u00bb-50px||||false|false\u00bb custom_padding=\u00bb0px||0px||true|false\u00bb global_colors_info=\u00bb{}\u00bb][et_pb_row _builder_version=\u00bb4.18.0&#8243; _module_preset=\u00bbdefault\u00bb width=\u00bb50%\u00bb width_tablet=\u00bb90%\u00bb width_phone=\u00bb90%\u00bb width_last_edited=\u00bbon|phone\u00bb module_alignment=\u00bbright\u00bb height=\u00bb65vh\u00bb module_alignment_tablet=\u00bbright\u00bb module_alignment_phone=\u00bbcenter\u00bb module_alignment_last_edited=\u00bbon|tablet\u00bb global_colors_info=\u00bb{}\u00bb][et_pb_column type=\u00bb4_4&#8243; _builder_version=\u00bb4.18.0&#8243; _module_preset=\u00bbdefault\u00bb global_colors_info=\u00bb{}\u00bb][et_pb_text _builder_version=\u00bb4.19.5&#8243; _module_preset=\u00bbdefault\u00bb header_font=\u00bb|600|||||||\u00bb header_text_color=\u00bb#e8e8e8&#8243; header_font_size=\u00bb50px\u00bb custom_padding=\u00bb20vh||||false|false\u00bb animation_style=\u00bbzoom\u00bb animation_delay=\u00bb500ms\u00bb header_font_size_tablet=\u00bb50px\u00bb header_font_size_phone=\u00bb45px\u00bb header_font_size_last_edited=\u00bbon|phone\u00bb header_text_shadow_style=\u00bbpreset2&#8243; global_colors_info=\u00bb{}\u00bb]<\/p>\n<h1>Empresa tradicional<\/h1>\n<p>[\/et_pb_text][et_pb_text _builder_version=\u00bb4.19.5&#8243; _module_preset=\u00bbdefault\u00bb header_font=\u00bb|600|||||||\u00bb header_text_color=\u00bb#e8e8e8&#8243; header_font_size=\u00bb50px\u00bb header_2_font=\u00bb|600|||||||\u00bb header_2_text_color=\u00bb#e8e8e8&#8243; header_2_font_size=\u00bb45px\u00bb custom_padding=\u00bb|||50px|false|false\u00bb custom_padding_tablet=\u00bb|||50px|false|false\u00bb custom_padding_phone=\u00bb|||0px|false|false\u00bb custom_padding_last_edited=\u00bbon|phone\u00bb animation_style=\u00bbzoom\u00bb animation_delay=\u00bb2200ms\u00bb header_2_font_size_tablet=\u00bb45px\u00bb header_2_font_size_phone=\u00bb36px\u00bb header_2_font_size_last_edited=\u00bbon|phone\u00bb header_text_shadow_style=\u00bbpreset2&#8243; header_2_text_shadow_style=\u00bbpreset2&#8243; global_colors_info=\u00bb{}\u00bb]<\/p>\n<h2>Con la producci\u00f3n<\/h2>\n<p>[\/et_pb_text][et_pb_text _builder_version=\u00bb4.19.5&#8243; _module_preset=\u00bbdefault\u00bb header_font=\u00bb|600|||||||\u00bb header_text_color=\u00bb#e8e8e8&#8243; header_font_size=\u00bb35px\u00bb header_2_font=\u00bb|600|||||||\u00bb header_2_text_color=\u00bb#e8e8e8&#8243; header_2_font_size=\u00bb45px\u00bb custom_padding=\u00bb|||100px|false|false\u00bb custom_padding_tablet=\u00bb|||100px|false|false\u00bb custom_padding_phone=\u00bb|||0px|false|false\u00bb custom_padding_last_edited=\u00bbon|phone\u00bb animation_style=\u00bbzoom\u00bb animation_delay=\u00bb3500ms\u00bb header_2_font_size_tablet=\u00bb45px\u00bb header_2_font_size_phone=\u00bb36px\u00bb header_2_font_size_last_edited=\u00bbon|phone\u00bb header_text_shadow_style=\u00bbpreset2&#8243; header_2_text_shadow_style=\u00bbpreset2&#8243; global_colors_info=\u00bb{}\u00bb]<\/p>\n<h2>en Alemania<\/h2>\n<p>[\/et_pb_text][\/et_pb_column][\/et_pb_row][\/et_pb_section][et_pb_section fb_built=\u00bb1&#8243; _builder_version=\u00bb4.19.5&#8243; _module_preset=\u00bbdefault\u00bb background_color=\u00bb#CED5D9&#8243; custom_padding=\u00bb0px||0px||false|false\u00bb bottom_divider_color=\u00bb#FFFFFF\u00bb bottom_divider_height=\u00bb50px\u00bb bottom_divider_repeat=\u00bb1x\u00bb bottom_divider_height_tablet=\u00bb20px\u00bb bottom_divider_height_phone=\u00bb10px\u00bb bottom_divider_height_last_edited=\u00bbon|phone\u00bb global_colors_info=\u00bb{}\u00bb][et_pb_row _builder_version=\u00bb4.18.0&#8243; _module_preset=\u00bbdefault\u00bb width=\u00bb90%\u00bb max_width=\u00bb90%\u00bb global_colors_info=\u00bb{}\u00bb][et_pb_column type=\u00bb4_4&#8243; _builder_version=\u00bb4.18.0&#8243; _module_preset=\u00bbdefault\u00bb global_colors_info=\u00bb{}\u00bb][et_pb_text _builder_version=\u00bb4.20.2&#8243; _module_preset=\u00bbdefault\u00bb text_text_color=\u00bb#FFFFFF\u00bb header_font_size=\u00bb2.8rem\u00bb header_2_font_size=\u00bb45px\u00bb header_font_size_tablet=\u00bb2.8rem\u00bb header_font_size_phone=\u00bb2rem\u00bb header_font_size_last_edited=\u00bbon|phone\u00bb global_colors_info=\u00bb{}\u00bb]<\/p>\n<h1 style=\"text-align: center;\">Beneficios para las rodillas &#8211; probados durante generaciones<\/h1>\n<p>[\/et_pb_text][\/et_pb_column][\/et_pb_row][\/et_pb_section][et_pb_section fb_built=\u00bb1&#8243; _builder_version=\u00bb4.20.0&#8243; _module_preset=\u00bbdefault\u00bb background_enable_color=\u00bboff\u00bb background_enable_image=\u00bboff\u00bb background_size=\u00bbinitial\u00bb bottom_divider_height=\u00bb50px\u00bb bottom_divider_flip=\u00bbhorizontal\u00bb bottom_divider_height_tablet=\u00bb20px\u00bb bottom_divider_height_phone=\u00bb10px\u00bb bottom_divider_height_last_edited=\u00bbon|phone\u00bb global_colors_info=\u00bb{}\u00bb][et_pb_row column_structure=\u00bb1_2,1_2&#8243; _builder_version=\u00bb4.18.0&#8243; _module_preset=\u00bbdefault\u00bb width=\u00bb90%\u00bb max_width=\u00bb90%\u00bb custom_padding=\u00bb||40px||false|false\u00bb global_colors_info=\u00bb{}\u00bb][et_pb_column type=\u00bb1_2&#8243; _builder_version=\u00bb4.18.0&#8243; _module_preset=\u00bbdefault\u00bb global_colors_info=\u00bb{}\u00bb][et_pb_text _builder_version=\u00bb4.22.2&#8243; _module_preset=\u00bbdefault\u00bb custom_padding=\u00bb||0px|||\u00bb hover_enabled=\u00bb0&#8243; global_colors_info=\u00bb{}\u00bb header_3_font_size=\u00bb20px\u00bb sticky_enabled=\u00bb0&#8243;]<\/p>\n<h3>Rodilleras para la seguridad laboral desde hace m\u00e1s de 90 a\u00f1os<\/h3>\n<p>Nuestra tradicional empresa se fund\u00f3 en 1932 en la cuenca del Ruhr y fue una de las primeras del mundo en desarrollar y fabricar rodilleras. Como proveedor fiable de protecci\u00f3n profesional de rodillas en miner\u00eda, la norma DIN 23311 para miner\u00eda se desarroll\u00f3 ya en 1953 en colaboraci\u00f3n con el Comit\u00e9 de Normas Mineras. Esto ha garantizado una protecci\u00f3n \u00f3ptima para los usuarios y, al mismo tiempo, un alto nivel de calidad de las rodilleras de nuestra empresa. Por supuesto, se cumplen los requisitos de la nueva norma europea DIN EN 14404 de 2005, manteniendo los antiguos est\u00e1ndares de calidad.<\/p>\n<p><a href=\"https:\/\/nierhaus-knieschoner.de\/es\/normas-y-declaraciones-de-conformidad-para-rodilleras\/\" title=\"Normas y declaraciones de conformidad\">Conozca las normas y nuestras declaraciones de conformidad<\/a><\/p>\n<p>[\/et_pb_text][\/et_pb_column][et_pb_column type=\u00bb1_2&#8243; _builder_version=\u00bb4.18.0&#8243; _module_preset=\u00bbdefault\u00bb global_colors_info=\u00bb{}\u00bb][et_pb_text _builder_version=\u00bb4.22.2&#8243; _module_preset=\u00bbdefault\u00bb hover_enabled=\u00bb0&#8243; global_colors_info=\u00bb{}\u00bb header_3_font_size=\u00bb20px\u00bb sticky_enabled=\u00bb0&#8243;]<\/p>\n<h3>Calidad registrada<\/h3>\n<p>Con la marca protegida Wohltat\u00ae, nuestros productos siguen siendo hoy sin\u00f3nimo de protectores de rodilla robustos y de alta calidad para un espectro de usuarios diferentes que ha ido creciendo a lo largo de las d\u00e9cadas. Proporcionan una protecci\u00f3n eficaz y duradera para las rodillas durante todo tipo de trabajos de rodillas. Lo que comenz\u00f3 como la producci\u00f3n de rodilleras para el trabajo en la industria minera es ahora una empresa que desarrolla y produce rodilleras para la protecci\u00f3n y la seguridad en todas las \u00e1reas del trabajo manual.<\/p>\n<p>Rodilleras para soladores, jardineros, carpinteros o bricoladores son s\u00f3lo algunos ejemplos. En nuestra <a href=\"https:\/\/nierhaus-knieschoner.de\/es\/?page_id=3323\" title=\"Estudie nuestro surtido\"><br \/>\n  <strong>gama<\/strong><br \/>\n<\/a> encontrar\u00e1 la protecci\u00f3n de rodilla adecuada para cada oficio.<\/p>\n<p>[\/et_pb_text][\/et_pb_column][\/et_pb_row][\/et_pb_section][et_pb_section fb_built=\u00bb1&#8243; module_id=\u00bbfabricado en alemania\u00bb _builder_version=\u00bb4.20.0&#8243; _module_preset=\u00bbdefault\u00bb background_color=\u00bb#CED5D9&#8243; custom_padding=\u00bb0px||0px||false|false\u00bb bottom_divider_color=\u00bb#FFFFFF\u00bb bottom_divider_height=\u00bb50px\u00bb bottom_divider_repeat=\u00bb1x\u00bb bottom_divider_height_tablet=\u00bb20px\u00bb bottom_divider_height_phone=\u00bb10px\u00bb bottom_divider_height_last_edited=\u00bbon|phone\u00bb locked=\u00bboff\u00bb global_colors_info=\u00bb{}\u00bb][et_pb_row _builder_version=\u00bb4.18.0&#8243; _module_preset=\u00bbdefault\u00bb width=\u00bb90%\u00bb max_width=\u00bb90%\u00bb global_colors_info=\u00bb{}\u00bb][et_pb_column type=\u00bb4_4&#8243; _builder_version=\u00bb4.18.0&#8243; _module_preset=\u00bbdefault\u00bb global_colors_info=\u00bb{}\u00bb][et_pb_text _builder_version=\u00bb4.20.2&#8243; _module_preset=\u00bbdefault\u00bb header_2_font_size=\u00bb2.8rem\u00bb header_2_font_size_tablet=\u00bb2.8rem\u00bb header_2_font_size_phone=\u00bb2rem\u00bb header_2_font_size_last_edited=\u00bbon|phone\u00bb global_colors_info=\u00bb{}\u00bb]<\/p>\n<h2 style=\"text-align: center;\">Fabricado en Alemania<\/h2>\n<p>[\/et_pb_text][\/et_pb_column][\/et_pb_row][\/et_pb_section][et_pb_section fb_built=\u00bb1&#8243; _builder_version=\u00bb4.20.0&#8243; _module_preset=\u00bbdefault\u00bb background_enable_color=\u00bboff\u00bb background_enable_image=\u00bboff\u00bb background_size=\u00bbinitial\u00bb bottom_divider_height=\u00bb50px\u00bb bottom_divider_flip=\u00bbhorizontal\u00bb bottom_divider_height_tablet=\u00bb20px\u00bb bottom_divider_height_phone=\u00bb10px\u00bb bottom_divider_height_last_edited=\u00bbon|phone\u00bb locked=\u00bboff\u00bb global_colors_info=\u00bb{}\u00bb][et_pb_row column_structure=\u00bb1_2,1_2&#8243; _builder_version=\u00bb4.18.0&#8243; _module_preset=\u00bbdefault\u00bb width=\u00bb90%\u00bb max_width=\u00bb90%\u00bb custom_padding=\u00bb||40px||false|false\u00bb global_colors_info=\u00bb{}\u00bb][et_pb_column type=\u00bb1_2&#8243; _builder_version=\u00bb4.18.0&#8243; _module_preset=\u00bbdefault\u00bb global_colors_info=\u00bb{}\u00bb][et_pb_text _builder_version=\u00bb4.22.2&#8243; _module_preset=\u00bbdefault\u00bb header_2_font=\u00bb|700|||||||\u00bb custom_padding=\u00bb||0px|||\u00bb hover_enabled=\u00bb0&#8243; global_colors_info=\u00bb{}\u00bb header_3_font_size=\u00bb20px\u00bb sticky_enabled=\u00bb0&#8243;]<\/p>\n<h3>En el coraz\u00f3n de la miner\u00eda<\/h3>\n<p>Nuestras rodilleras se utilizan con \u00e9xito desde hace m\u00e1s de 90 a\u00f1os. Nuestra ubicaci\u00f3n, justo en el coraz\u00f3n de la industria minera de la regi\u00f3n del Ruhr, ha sido especialmente \u00fatil para desarrollar y mejorar continuamente nuestros productos de forma que resulten adecuados para su uso. A d\u00eda de hoy, los elevados est\u00e1ndares de calidad de nuestras rodilleras para la industria minera se han mantenido.<\/p>\n<h3>Sostenibilidad de la producci\u00f3n<\/h3>\n<p>Para conseguirlo, trabajamos con materiales de alta calidad. A la hora de seleccionar a nuestros proveedores, damos preferencia a las materias primas y materiales procedentes de Europa, con una huella ecol\u00f3gica.<\/p>\n<p>[\/et_pb_text][\/et_pb_column][et_pb_column type=\u00bb1_2&#8243; _builder_version=\u00bb4.18.0&#8243; _module_preset=\u00bbdefault\u00bb global_colors_info=\u00bb{}\u00bb][et_pb_text _builder_version=\u00bb4.22.2&#8243; _module_preset=\u00bbdefault\u00bb hover_enabled=\u00bb0&#8243; global_colors_info=\u00bb{}\u00bb header_3_font_size=\u00bb20px\u00bb sticky_enabled=\u00bb0&#8243;]<\/p>\n<h3>Rodilleras seg\u00fan los requisitos del cliente<\/h3>\n<p>Como fabricante, hemos evolucionado de forma natural a lo largo de los a\u00f1os y fabricamos nuestros productos con m\u00e1quinas de moldeo por inyecci\u00f3n de \u00faltima generaci\u00f3n. El acabado a mano en Alemania nos permite mantener el meticuloso control de calidad que nuestros clientes esperan de nosotros como fabricantes desde hace d\u00e9cadas.<\/p>\n<p><img loading=\"lazy\" decoding=\"async\" src=\"https:\/\/nierhaus-knieschoner.de\/wp-content\/uploads\/2022\/10\/made-in-germany.png\" alt=\"Fabricado en Alemania\" class=\"wp-image-1801 alignright size-full\" width=\"234\" height=\"142\">Seguimos manteniendo nuestro centro de producci\u00f3n actual en Bad Salzuflen. Esto nos ofrece distancias cortas, la posibilidad de controlar la producci\u00f3n y reaccionar r\u00e1pidamente a los deseos del cliente o incluso fabricar rodilleras especiales a petici\u00f3n.<\/p>\n<p>[\/et_pb_text][\/et_pb_column][\/et_pb_row][\/et_pb_section][et_pb_section fb_built=\u00bb1&#8243; module_id=\u00bbla m\u00e1s alta calidad\u00bb _builder_version=\u00bb4.20.0&#8243; _module_preset=\u00bbdefault\u00bb background_color=\u00bb#CED5D9&#8243; custom_padding=\u00bb0px||0px||false|false\u00bb bottom_divider_color=\u00bb#FFFFFF\u00bb bottom_divider_height=\u00bb50px\u00bb bottom_divider_repeat=\u00bb1x\u00bb bottom_divider_height_tablet=\u00bb20px\u00bb bottom_divider_height_phone=\u00bb10px\u00bb bottom_divider_height_last_edited=\u00bbon|phone\u00bb locked=\u00bboff\u00bb global_colors_info=\u00bb{}\u00bb][et_pb_row _builder_version=\u00bb4.18.0&#8243; _module_preset=\u00bbdefault\u00bb width=\u00bb90%\u00bb max_width=\u00bb90%\u00bb global_colors_info=\u00bb{}\u00bb][et_pb_column type=\u00bb4_4&#8243; _builder_version=\u00bb4.18.0&#8243; _module_preset=\u00bbdefault\u00bb global_colors_info=\u00bb{}\u00bb][et_pb_text _builder_version=\u00bb4.19.5&#8243; _module_preset=\u00bbdefault\u00bb header_2_font_size=\u00bb2.8rem\u00bb header_2_font_size_tablet=\u00bb2.8rem\u00bb header_2_font_size_phone=\u00bb2rem\u00bb header_2_font_size_last_edited=\u00bbon|phone\u00bb global_colors_info=\u00bb{}\u00bb]<\/p>\n<h2 style=\"text-align: center;\">M\u00e1xima calidad<\/h2>\n<p>[\/et_pb_text][\/et_pb_column][\/et_pb_row][\/et_pb_section][et_pb_section fb_built=\u00bb1&#8243; module_id=\u00bbcalidad\u00bb _builder_version=\u00bb4.20.0&#8243; _module_preset=\u00bbdefault\u00bb background_enable_color=\u00bboff\u00bb background_enable_image=\u00bboff\u00bb background_size=\u00bbinitial\u00bb bottom_divider_height=\u00bb50px\u00bb bottom_divider_flip=\u00bbhorizontal\u00bb bottom_divider_height_tablet=\u00bb20px\u00bb bottom_divider_height_phone=\u00bb10px\u00bb bottom_divider_height_last_edited=\u00bbon|phone\u00bb locked=\u00bboff\u00bb global_colors_info=\u00bb{}\u00bb][et_pb_row column_structure=\u00bb1_2,1_2&#8243; _builder_version=\u00bb4.18.0&#8243; _module_preset=\u00bbdefault\u00bb width=\u00bb90%\u00bb max_width=\u00bb90%\u00bb custom_padding=\u00bb||40px||false|false\u00bb global_colors_info=\u00bb{}\u00bb][et_pb_column type=\u00bb1_2&#8243; _builder_version=\u00bb4.18.0&#8243; _module_preset=\u00bbdefault\u00bb global_colors_info=\u00bb{}\u00bb][et_pb_image src=\u00bbhttps:\/\/nierhaus-knieschoner.de\/wp-content\/uploads\/2022\/10\/Nierhaus-Knieschoner-Produktion.jpg\u00bb alt=\u00bbM\u00e1xima calidad en la producci\u00f3n de rodilleras en Nierhaus\u00bb title_text=\u00bbProducci\u00f3n de rodilleras Nierhaus\u00bb _builder_version=\u00bb4.19.5&#8243; _module_preset=\u00bbdefault\u00bb global_colors_info=\u00bb{}\u00bb][\/et_pb_image][\/et_pb_column][et_pb_column type=\u00bb1_2&#8243; _builder_version=\u00bb4.18.0&#8243; _module_preset=\u00bbdefault\u00bb global_colors_info=\u00bb{}\u00bb][et_pb_text _builder_version=\u00bb4.22.2&#8243; _module_preset=\u00bbdefault\u00bb header_2_font=\u00bb||||||||\u00bb custom_padding=\u00bb||0px|||\u00bb hover_enabled=\u00bb0&#8243; global_colors_info=\u00bb{}\u00bb header_3_font_size=\u00bb20px\u00bb sticky_enabled=\u00bb0&#8243;]<\/p>\n<h3>Muchos a\u00f1os de experiencia aplicada con la \u00faltima tecnolog\u00eda<\/h3>\n<p>La tradici\u00f3n se une a la precisi\u00f3n. Desde hace 90 a\u00f1os, el equipo Nierhaus es conocido como fabricante en el \u00e1mbito de la seguridad laboral por sus rodilleras fiables y resistentes.<\/p>\n<p>Nuestra producci\u00f3n en Alemania nos permite contar con el mejor proceso de fabricaci\u00f3n y el tratamiento adecuado de materiales de alta calidad.<\/p>\n<p>Para satisfacer las elevadas exigencias de calidad de nuestros clientes y poder ofrecer la mercanc\u00eda a un precio razonable, utilizamos las m\u00e1quinas t\u00e9cnicas m\u00e1s modernas para nuestra producci\u00f3n de protectores de articulaciones, por ejemplo. Un sistema 2K crea la combinaci\u00f3n perfecta de un fuerte polipropileno resistente a los impactos con una suave protecci\u00f3n antideslizante y antidesgaste de elast\u00f3mero termopl\u00e1stico.<\/p>\n<p>[\/et_pb_text][\/et_pb_column][\/et_pb_row][\/et_pb_section][et_pb_section fb_built=\u00bb1&#8243; _builder_version=\u00bb4.19.5&#8243; _module_preset=\u00bbdefault\u00bb background_color=\u00bb#CED5D9&#8243; custom_padding=\u00bb0px||0px||false|false\u00bb bottom_divider_color=\u00bb#FFFFFF\u00bb bottom_divider_height=\u00bb50px\u00bb bottom_divider_repeat=\u00bb1x\u00bb bottom_divider_height_tablet=\u00bb20px\u00bb bottom_divider_height_phone=\u00bb10px\u00bb bottom_divider_height_last_edited=\u00bbon|phone\u00bb locked=\u00bboff\u00bb global_colors_info=\u00bb{}\u00bb][et_pb_row _builder_version=\u00bb4.18.0&#8243; _module_preset=\u00bbdefault\u00bb width=\u00bb90%\u00bb max_width=\u00bb90%\u00bb global_colors_info=\u00bb{}\u00bb][et_pb_column type=\u00bb4_4&#8243; _builder_version=\u00bb4.18.0&#8243; _module_preset=\u00bbdefault\u00bb global_colors_info=\u00bb{}\u00bb][et_pb_text _builder_version=\u00bb4.19.5&#8243; _module_preset=\u00bbdefault\u00bb header_2_font_size=\u00bb2.8rem\u00bb header_2_font_size_tablet=\u00bb2.8rem\u00bb header_2_font_size_phone=\u00bb2rem\u00bb header_2_font_size_last_edited=\u00bbon|phone\u00bb global_colors_info=\u00bb{}\u00bb]<\/p>\n<h2 style=\"text-align: center;\">Materiales<\/h2>\n<p>[\/et_pb_text][\/et_pb_column][\/et_pb_row][\/et_pb_section][et_pb_section fb_built=\u00bb1&#8243; _builder_version=\u00bb4.20.0&#8243; _module_preset=\u00bbdefault\u00bb background_enable_color=\u00bboff\u00bb background_enable_image=\u00bboff\u00bb background_size=\u00bbinitial\u00bb bottom_divider_height=\u00bb50px\u00bb bottom_divider_flip=\u00bbhorizontal\u00bb bottom_divider_height_tablet=\u00bb20px\u00bb bottom_divider_height_phone=\u00bb10px\u00bb bottom_divider_height_last_edited=\u00bbon|phone\u00bb locked=\u00bboff\u00bb global_colors_info=\u00bb{}\u00bb][et_pb_row column_structure=\u00bb1_2,1_2&#8243; _builder_version=\u00bb4.18.0&#8243; _module_preset=\u00bbdefault\u00bb width=\u00bb90%\u00bb max_width=\u00bb90%\u00bb global_colors_info=\u00bb{}\u00bb][et_pb_column type=\u00bb1_2&#8243; _builder_version=\u00bb4.18.0&#8243; _module_preset=\u00bbdefault\u00bb global_colors_info=\u00bb{}\u00bb][et_pb_text _builder_version=\u00bb4.18.0&#8243; _module_preset=\u00bbdefault\u00bb header_3_font_size=\u00bb20px\u00bb header_3_line_height=\u00bb1.2em\u00bb custom_padding=\u00bb||0px|||\u00bb hover_enabled=\u00bb0&#8243; global_colors_info=\u00bb{}\u00bb sticky_enabled=\u00bb0&#8243;]<\/p>\n<h3>\u00bfPor qu\u00e9 rodilleras de goma?<\/h3>\n<p>El caucho es muy el\u00e1stico, resistente a los productos qu\u00edmicos, resistente al calor permanente hasta 80\u00b0 como m\u00ednimo y resistente a la abrasi\u00f3n. Un proceso de envejecimiento o fatiga del material s\u00f3lo se produce al cabo de los a\u00f1os.<\/p>\n<h3>\u00bfPor qu\u00e9 rodilleras de TPE?<\/h3>\n<p>Las rodilleras fabricadas con elast\u00f3meros termopl\u00e1sticos (un pl\u00e1stico similar al caucho) pueden fabricarse de forma m\u00e1s r\u00e1pida y barata y son una alternativa econ\u00f3mica a las rodilleras de caucho. Sin embargo, el TPE no es resistente a los productos qu\u00edmicos y es menos el\u00e1stico. Las rodilleras son m\u00e1s baratas, pero no tan duraderas e inadecuadas para algunos usos en relaci\u00f3n con adhesivos, compuestos de mortero, etc.<\/p>\n<p>[\/et_pb_text][\/et_pb_column][et_pb_column type=\u00bb1_2&#8243; _builder_version=\u00bb4.18.0&#8243; _module_preset=\u00bbdefault\u00bb global_colors_info=\u00bb{}\u00bb][et_pb_text _builder_version=\u00bb4.18.0&#8243; _module_preset=\u00bbdefault\u00bb header_3_font_size=\u00bb20px\u00bb header_3_line_height=\u00bb1.2em\u00bb custom_padding=\u00bb||0px|||\u00bb global_colors_info=\u00bb{}\u00bb]<\/p>\n<h3>Acolchado de caucho celular<\/h3>\n<p>Procesamos casi exclusivamente caucho celular para el acolchado interior de las rodilleras. Este material ha demostrado su eficacia porque tiene un gran efecto amortiguador, se mantiene permanentemente el\u00e1stico y no se aplasta con rapidez.<\/p>\n<h3>Rodilleras de poliuretano<\/h3>\n<p>Las rodilleras de poliuretano est\u00e1n espumadas en una sola pieza y se utilizan principalmente en el sector del bricolaje. Son un buen compromiso en comparaci\u00f3n con las rodilleras de dos o m\u00e1s capas.<\/p>\n<p>[\/et_pb_text][\/et_pb_column][\/et_pb_row][\/et_pb_section]<\/p>\n","protected":false},"excerpt":{"rendered":"<p>Empresa tradicionalCon la producci\u00f3nen AlemaniaBeneficios para las rodillas &#8211; probados durante generacionesRodilleras para la seguridad laboral desde hace m\u00e1s de 90 a\u00f1os Nuestra tradicional empresa se fund\u00f3 en 1932 en la cuenca del Ruhr y fue una de las primeras del mundo en desarrollar y fabricar rodilleras. Como proveedor fiable de protecci\u00f3n profesional de rodillas [&hellip;]<\/p>\n","protected":false},"author":1,"featured_media":0,"parent":0,"menu_order":0,"comment_status":"closed","ping_status":"closed","template":"","meta":{"_et_pb_use_builder":"on","_et_pb_old_content":"","_et_gb_content_width":"","footnotes":""},"class_list":["post-3137","page","type-page","status-publish","hentry"],"_links":{"self":[{"href":"https:\/\/nierhaus-knieschoner.de\/es\/wp-json\/wp\/v2\/pages\/3137","targetHints":{"allow":["GET"]}}],"collection":[{"href":"https:\/\/nierhaus-knieschoner.de\/es\/wp-json\/wp\/v2\/pages"}],"about":[{"href":"https:\/\/nierhaus-knieschoner.de\/es\/wp-json\/wp\/v2\/types\/page"}],"author":[{"embeddable":true,"href":"https:\/\/nierhaus-knieschoner.de\/es\/wp-json\/wp\/v2\/users\/1"}],"replies":[{"embeddable":true,"href":"https:\/\/nierhaus-knieschoner.de\/es\/wp-json\/wp\/v2\/comments?post=3137"}],"version-history":[{"count":10,"href":"https:\/\/nierhaus-knieschoner.de\/es\/wp-json\/wp\/v2\/pages\/3137\/revisions"}],"predecessor-version":[{"id":4553,"href":"https:\/\/nierhaus-knieschoner.de\/es\/wp-json\/wp\/v2\/pages\/3137\/revisions\/4553"}],"wp:attachment":[{"href":"https:\/\/nierhaus-knieschoner.de\/es\/wp-json\/wp\/v2\/media?parent=3137"}],"curies":[{"name":"wp","href":"https:\/\/api.w.org\/{rel}","templated":true}]}}