{"id":3188,"date":"2022-10-27T15:35:46","date_gmt":"2022-10-27T13:35:46","guid":{"rendered":"https:\/\/nierhaus-knieschoner.de\/normas-y-declaraciones-de-conformidad-para-rodilleras\/"},"modified":"2023-10-10T11:47:36","modified_gmt":"2023-10-10T09:47:36","slug":"normas-y-declaraciones-de-conformidad-para-rodilleras","status":"publish","type":"page","link":"https:\/\/nierhaus-knieschoner.de\/es\/normas-y-declaraciones-de-conformidad-para-rodilleras\/","title":{"rendered":"Normas y declaraciones de conformidad para rodilleras"},"content":{"rendered":"<p>[et_pb_section fb_built=\u00bb1&#8243; _builder_version=\u00bb4.18.0&#8243; _module_preset=\u00bbdefault\u00bb background_enable_image=\u00bboff\u00bb positioning=\u00bbnone\u00bb position_origin_a=\u00bbtop_center\u00bb custom_margin=\u00bb-50px||||false|false\u00bb custom_padding=\u00bb0px||0px||true|false\u00bb global_colors_info=\u00bb{}\u00bb][et_pb_row _builder_version=\u00bb4.18.0&#8243; _module_preset=\u00bbdefault\u00bb width=\u00bb100%\u00bb max_width=\u00bb100%\u00bb global_colors_info=\u00bb{}\u00bb][et_pb_column type=\u00bb4_4&#8243; _builder_version=\u00bb4.18.0&#8243; _module_preset=\u00bbdefault\u00bb global_colors_info=\u00bb{}\u00bb][et_pb_image src=\u00bbhttps:\/\/nierhaus-knieschoner.de\/wp-content\/uploads\/2022\/10\/normen-fuer-knieschoner-titel-3405_b2-1.jpg\u00bb alt=\u00bbNormas para la protecci\u00f3n de las rodillas\u00bb title_text=\u00bbNormas para la protecci\u00f3n de las rodillas\u00bb show_bottom_space=\u00bboff\u00bb _builder_version=\u00bb4.18.0&#8243; _module_preset=\u00bbdefault\u00bb global_colors_info=\u00bb{}\u00bb][\/et_pb_image][\/et_pb_column][\/et_pb_row][\/et_pb_section][et_pb_section fb_built=\u00bb1&#8243; _builder_version=\u00bb4.19.5&#8243; _module_preset=\u00bbdefault\u00bb background_color=\u00bb#CED5D9&#8243; custom_padding=\u00bb0px||0px||false|false\u00bb bottom_divider_color=\u00bb#FFFFFF\u00bb bottom_divider_height=\u00bb50px\u00bb bottom_divider_repeat=\u00bb1x\u00bb bottom_divider_height_tablet=\u00bb20px\u00bb bottom_divider_height_phone=\u00bb10px\u00bb bottom_divider_height_last_edited=\u00bbon|phone\u00bb global_colors_info=\u00bb{}\u00bb][et_pb_row _builder_version=\u00bb4.18.0&#8243; _module_preset=\u00bbdefault\u00bb width=\u00bb90%\u00bb max_width=\u00bb90%\u00bb global_colors_info=\u00bb{}\u00bb][et_pb_column type=\u00bb4_4&#8243; _builder_version=\u00bb4.18.0&#8243; _module_preset=\u00bbdefault\u00bb global_colors_info=\u00bb{}\u00bb][et_pb_text _builder_version=\u00bb4.20.2&#8243; _module_preset=\u00bbdefault\u00bb text_text_color=\u00bb#FFFFFF\u00bb header_2_font_size=\u00bb45px\u00bb hover_enabled=\u00bb0&#8243; global_colors_info=\u00bb{}\u00bb header_font_size=\u00bb2.8rem\u00bb sticky_enabled=\u00bb0&#8243; header_font_size_last_edited=\u00bbon|phone\u00bb header_font_size_phone=\u00bb1.8rem\u00bb header_font_size_tablet=\u00bb2.8rem\u00bb]<\/p>\n<h1 style=\"text-align: center;\">Normas y declaraciones de conformidad para rodilleras<\/h1>\n<p>[\/et_pb_text][\/et_pb_column][\/et_pb_row][\/et_pb_section][et_pb_section fb_built=\u00bb1&#8243; _builder_version=\u00bb4.20.0&#8243; _module_preset=\u00bbdefault\u00bb background_enable_color=\u00bboff\u00bb background_enable_image=\u00bboff\u00bb background_size=\u00bbinitial\u00bb bottom_divider_height=\u00bb50px\u00bb bottom_divider_flip=\u00bbhorizontal\u00bb bottom_divider_height_tablet=\u00bb20px\u00bb bottom_divider_height_phone=\u00bb10px\u00bb bottom_divider_height_last_edited=\u00bbon|phone\u00bb global_colors_info=\u00bb{}\u00bb][et_pb_row column_structure=\u00bb1_2,1_2&#8243; _builder_version=\u00bb4.18.0&#8243; _module_preset=\u00bbdefault\u00bb width=\u00bb90%\u00bb max_width=\u00bb90%\u00bb custom_padding=\u00bb||40px||false|false\u00bb global_colors_info=\u00bb{}\u00bb][et_pb_column type=\u00bb1_2&#8243; _builder_version=\u00bb4.18.0&#8243; _module_preset=\u00bbdefault\u00bb global_colors_info=\u00bb{}\u00bb][et_pb_text _builder_version=\u00bb4.20.0&#8243; _module_preset=\u00bbdefault\u00bb custom_padding=\u00bb||0px|||\u00bb global_colors_info=\u00bb{}\u00bb]<\/p>\n<p>Desde hace d\u00e9cadas existe una norma minera alemana DIN 23311, que prescribe principalmente las dimensiones y las caracter\u00edsticas especiales de calidad de los protectores de rodilla. Estos se especifican para el uso duradero y la durabilidad de los productos.<br \/>Con la aplicaci\u00f3n del Reglamento EPI 2016\/425, las rodilleras pertenecen por definici\u00f3n a los Equipos de Protecci\u00f3n Individual de Categor\u00eda II y deben someterse a ensayos de tipo. S\u00f3lo desde febrero de 2005 existe una norma europea para los protectores de rodilla (DIN EN 14404). Esto sirve de base para el examen de tipo, que es obligatorio para todas las rodilleras vendidas en la UE.<\/p>\n<p>[\/et_pb_text][\/et_pb_column][et_pb_column type=\u00bb1_2&#8243; _builder_version=\u00bb4.18.0&#8243; _module_preset=\u00bbdefault\u00bb global_colors_info=\u00bb{}\u00bb][et_pb_text _builder_version=\u00bb4.18.0&#8243; _module_preset=\u00bbdefault\u00bb global_colors_info=\u00bb{}\u00bb]<\/p>\n<p>En el elaborado procedimiento de prueba, entre otras cosas<\/p>\n<ol>\n<li>la distribuci\u00f3n de la presi\u00f3n se mide mediante una rodilla de prueba<\/li>\n<li>la resistencia al impacto<\/li>\n<li>la resistencia punzante<\/li>\n<li>la comodidad de uso y<\/li>\n<li>prob\u00f3 la elasticidad y la anchura de las correas.<\/li>\n<\/ol>\n<p>[\/et_pb_text][\/et_pb_column][\/et_pb_row][et_pb_row _builder_version=\u00bb4.18.0&#8243; _module_preset=\u00bbdefault\u00bb width=\u00bb90%\u00bb max_width=\u00bb90%\u00bb custom_padding=\u00bb||40px||false|false\u00bb global_colors_info=\u00bb{}\u00bb][et_pb_column type=\u00bb4_4&#8243; _builder_version=\u00bb4.18.0&#8243; _module_preset=\u00bbdefault\u00bb global_colors_info=\u00bb{}\u00bb][et_pb_text _builder_version=\u00bb4.18.0&#8243; _module_preset=\u00bbdefault\u00bb custom_padding=\u00bb||0px|||\u00bb global_colors_info=\u00bb{}\u00bb]<\/p>\n<p>Nuestras rodilleras han sido probadas y certificadas conforme a esta normativa seg\u00fan la norma DIN EN 14404 o sometidas a ensayos de tipo en base a la misma. Se mantuvieron los requisitos de calidad de la norma minera.<\/p>\n<p>[\/et_pb_text][\/et_pb_column][\/et_pb_row][\/et_pb_section][et_pb_section fb_built=\u00bb1&#8243; _builder_version=\u00bb4.20.0&#8243; _module_preset=\u00bbdefault\u00bb background_color=\u00bb#E8E8E8&#8243; global_colors_info=\u00bb{}\u00bb][et_pb_row column_structure=\u00bb1_5,1_5,1_5,1_5,1_5&#8243; use_custom_gutter=\u00bbon\u00bb gutter_width=\u00bb2&#8243; _builder_version=\u00bb4.20.0&#8243; _module_preset=\u00bbdefault\u00bb width=\u00bb90%\u00bb max_width=\u00bb90%\u00bb custom_padding=\u00bb||40px||false|false\u00bb global_colors_info=\u00bb{}\u00bb][et_pb_column type=\u00bb1_5&#8243; _builder_version=\u00bb4.20.0&#8243; _module_preset=\u00bbdefault\u00bb background_color=\u00bb#FFFFFF\u00bb global_colors_info=\u00bb{}\u00bb][et_pb_blurb title=\u00bbCaja n\u00ba 4&#8243; image=\u00bbhttps:\/\/nierhaus-knieschoner.de\/wp-content\/uploads\/2022\/08\/Kasten-nr4-Wohltat-Knieschoner.jpg\u00bb alt=\u00bbrodilleras originales Wohltat\u00ae box\u00bb _builder_version=\u00bb4.20.0&#8243; _module_preset=\u00bbdefault\u00bb body_font_size=\u00bb14px\u00bb background_enable_color=\u00bboff\u00bb custom_padding=\u00bb10px|10px|10px|10px|true|true\u00bb link_option_url=\u00bbhttps:\/\/nierhaus-knieschoner.de\/wp-content\/uploads\/2023\/03\/EG-Konformitaetserklaerung-Nr-4-PSA-Verordnung.pdf\u00bb link_option_url_new_window=\u00bbon\u00bb global_colors_info=\u00bb{}\u00bb]<\/p>\n<p>Declaraci\u00f3n de conformidad<\/p>\n<p>[\/et_pb_blurb][\/et_pb_column][et_pb_column type=\u00bb1_5&#8243; _builder_version=\u00bb4.20.0&#8243; _module_preset=\u00bbdefault\u00bb background_color=\u00bb#FFFFFF\u00bb global_colors_info=\u00bb{}\u00bb][et_pb_blurb title=\u00bbJardinero n\u00ba 5\/7&#8243; image=\u00bbhttps:\/\/nierhaus-knieschoner.de\/wp-content\/uploads\/2022\/08\/GAERTNER-Art-Nr-5-7.jpg\u00bb alt=\u00bbRodilleras G\u00c4RTNER, Art. N\u00ba 5\/7&#8243; _builder_version=\u00bb4.20.0&#8243; _module_preset=\u00bbdefault\u00bb body_font_size=\u00bb14px\u00bb background_enable_color=\u00bboff\u00bb custom_padding=\u00bb10px|10px|10px|10px|true|true\u00bb link_option_url=\u00bbhttps:\/\/nierhaus-knieschoner.de\/wp-content\/uploads\/2023\/03\/EG-Konformitaetserklaerung-5-7-Gaertner.pdf\u00bb link_option_url_new_window=\u00bbon\u00bb global_colors_info=\u00bb{}\u00bb]<\/p>\n<p>Declaraci\u00f3n de conformidad<\/p>\n<p>[\/et_pb_blurb][\/et_pb_column][et_pb_column type=\u00bb1_5&#8243; _builder_version=\u00bb4.20.0&#8243; _module_preset=\u00bbdefault\u00bb background_color=\u00bb#FFFFFF\u00bb global_colors_info=\u00bb{}\u00bb][et_pb_blurb title=\u00bbHoz n\u00ba 10&#8243; image=\u00bbhttps:\/\/nierhaus-knieschoner.de\/wp-content\/uploads\/2022\/08\/Sichel-Knieschoner-nr-10.jpg\u00bb alt=\u00bbRodillera Sickle n\u00ba 10&#8243; _builder_version=\u00bb4.20.0&#8243; _module_preset=\u00bbdefault\u00bb body_font_size=\u00bb14px\u00bb background_enable_color=\u00bboff\u00bb custom_padding=\u00bb10px|10px|10px|10px|true|true\u00bb link_option_url=\u00bbhttps:\/\/nierhaus-knieschoner.de\/wp-content\/uploads\/2023\/03\/EG-Konformitaetserklaerung-Nr-10-PSA-V.pdf\u00bb link_option_url_new_window=\u00bbon\u00bb global_colors_info=\u00bb{}\u00bb]<\/p>\n<p>Declaraci\u00f3n de conformidad<\/p>\n<p>[\/et_pb_blurb][\/et_pb_column][et_pb_column type=\u00bb1_5&#8243; _builder_version=\u00bb4.20.0&#8243; _module_preset=\u00bbdefault\u00bb background_color=\u00bb#FFFFFF\u00bb global_colors_info=\u00bb{}\u00bb][et_pb_blurb title=\u00bbArm\u00f3nica n\u00ba 13v\u00bb image=\u00bbhttps:\/\/nierhaus-knieschoner.de\/wp-content\/uploads\/2022\/08\/HARMONICA-Art-Nr-13v.jpg\u00bb alt=\u00bbRodilleras HARMONICA, Art. No. 13v\u00bb _builder_version=\u00bb4.20.0&#8243; _module_preset=\u00bbdefault\u00bb body_font_size=\u00bb14px\u00bb background_enable_color=\u00bboff\u00bb custom_padding=\u00bb10px|10px|10px|10px|true|true\u00bb link_option_url=\u00bbhttps:\/\/nierhaus-knieschoner.de\/wp-content\/uploads\/2023\/03\/EG-Konformitaetserklaerung-Nr-13-V-ergo-PSA-V.pdf\u00bb link_option_url_new_window=\u00bbon\u00bb global_colors_info=\u00bb{}\u00bb]<\/p>\n<p>Declaraci\u00f3n de conformidad<\/p>\n<p>[\/et_pb_blurb][\/et_pb_column][et_pb_column type=\u00bb1_5&#8243; _builder_version=\u00bb4.20.0&#8243; _module_preset=\u00bbdefault\u00bb background_color=\u00bb#FFFFFF\u00bb global_colors_info=\u00bb{}\u00bb][et_pb_blurb title=\u00bbArm\u00f3nica n\u00ba 13vg\u00bb image=\u00bbhttps:\/\/nierhaus-knieschoner.de\/wp-content\/uploads\/2022\/08\/HARMONICA-Art-Nr-13vg-ergo.jpg\u00bb alt=\u00bbRodilleras HARMONICA, Art. N\u00ba 13vg ergo\u00bb _builder_version=\u00bb4.20.0&#8243; _module_preset=\u00bbdefault\u00bb body_font_size=\u00bb14px\u00bb background_enable_color=\u00bboff\u00bb custom_padding=\u00bb10px|10px|10px|10px|true|true\u00bb link_option_url=\u00bbhttps:\/\/nierhaus-knieschoner.de\/wp-content\/uploads\/2023\/03\/EG-Konformitaetserklaerung-Nr-13-vg-PSA-V.pdf\u00bb link_option_url_new_window=\u00bbon\u00bb global_colors_info=\u00bb{}\u00bb]<\/p>\n<p>Declaraci\u00f3n de conformidad<\/p>\n<p>[\/et_pb_blurb][\/et_pb_column][\/et_pb_row][et_pb_row column_structure=\u00bb1_5,1_5,1_5,1_5,1_5&#8243; use_custom_gutter=\u00bbon\u00bb gutter_width=\u00bb2&#8243; make_equal=\u00bbon\u00bb _builder_version=\u00bb4.20.0&#8243; _module_preset=\u00bbdefault\u00bb width=\u00bb90%\u00bb max_width=\u00bb90%\u00bb custom_padding=\u00bb||40px||false|false\u00bb global_colors_info=\u00bb{}\u00bb][et_pb_column type=\u00bb1_5&#8243; _builder_version=\u00bb4.20.0&#8243; _module_preset=\u00bbdefault\u00bb background_color=\u00bb#FFFFFF\u00bb global_colors_info=\u00bb{}\u00bb][et_pb_blurb title=\u00bbConjunto n\u00ba 20a-20e\u00bb image=\u00bbhttps:\/\/nierhaus-knieschoner.de\/wp-content\/uploads\/2022\/08\/GELENK-Art-Nr-20a.jpg\u00bb alt=\u00bbRodilleras GELENK, Art. No. 20a\u00bb _builder_version=\u00bb4.20.0&#8243; _module_preset=\u00bbdefault\u00bb body_font_size=\u00bb14px\u00bb background_color=\u00bb#FFFFFF\u00bb custom_padding=\u00bb10px|10px|10px|10px|true|true\u00bb link_option_url=\u00bbhttps:\/\/nierhaus-knieschoner.de\/wp-content\/uploads\/2023\/03\/EG-Konformitaetserklaerung-Nr.-20a-e.pdf\u00bb link_option_url_new_window=\u00bbon\u00bb global_colors_info=\u00bb{}\u00bb]<\/p>\n<p>Declaraci\u00f3n de conformidad<\/p>\n<p>[\/et_pb_blurb][\/et_pb_column][et_pb_column type=\u00bb1_5&#8243; _builder_version=\u00bb4.20.0&#8243; _module_preset=\u00bbdefault\u00bb background_color=\u00bb#FFFFFF\u00bb global_colors_info=\u00bb{}\u00bb][et_pb_blurb title=\u00bbUltra n\u00ba 29&#8243; image=\u00bbhttps:\/\/nierhaus-knieschoner.de\/wp-content\/uploads\/2022\/08\/Ultra-nr-29.jpg\u00bb alt=\u00bbULTRA Rodillera ultraligera, Art. No. 29&#8243; _builder_version=\u00bb4.20.0&#8243; _module_preset=\u00bbdefault\u00bb body_font_size=\u00bb14px\u00bb background_enable_color=\u00bboff\u00bb custom_padding=\u00bb10px|10px|10px|10px|true|true\u00bb link_option_url=\u00bbhttps:\/\/nierhaus-knieschoner.de\/wp-content\/uploads\/2023\/03\/EG-Konformitaetserklaerung-Nr-29-PSA-Ver.pdf\u00bb link_option_url_new_window=\u00bbon\u00bb global_colors_info=\u00bb{}\u00bb]<\/p>\n<p>Declaraci\u00f3n de conformidad<\/p>\n<p>[\/et_pb_blurb][\/et_pb_column][et_pb_column type=\u00bb1_5&#8243; _builder_version=\u00bb4.20.0&#8243; _module_preset=\u00bbdefault\u00bb background_color=\u00bb#FFFFFF\u00bb global_colors_info=\u00bb{}\u00bb][et_pb_blurb title=\u00bbWohlpro n\u00ba 33&#8243; image=\u00bbhttps:\/\/nierhaus-knieschoner.de\/wp-content\/uploads\/2022\/08\/Knieprotector-Wohlpro-Paar.jpg\u00bb alt=\u00bbProtector de rodilla WOHLPRO, Art. N\u00ba 33 antes conocido como protector de rodilla Alpro\u00bb _builder_version=\u00bb4.20.0&#8243; _module_preset=\u00bbdefault\u00bb body_font_size=\u00bb14px\u00bb background_enable_color=\u00bboff\u00bb custom_padding=\u00bb10px|10px|10px|10px|true|true\u00bb link_option_url=\u00bbhttps:\/\/nierhaus-knieschoner.de\/wp-content\/uploads\/2023\/03\/EG-Konformitaetserklaerung-Nr-33-PSA-V.pdf\u00bb link_option_url_new_window=\u00bbon\u00bb global_colors_info=\u00bb{}\u00bb]<\/p>\n<p>Declaraci\u00f3n de conformidad<\/p>\n<p>[\/et_pb_blurb][\/et_pb_column][et_pb_column type=\u00bb1_5&#8243; _builder_version=\u00bb4.20.0&#8243; _module_preset=\u00bbdefault\u00bb background_color=\u00bb#FFFFFF\u00bb global_colors_info=\u00bb{}\u00bb][et_pb_blurb title=\u00bbAllround n\u00ba 65&#8243; image=\u00bbhttps:\/\/nierhaus-knieschoner.de\/wp-content\/uploads\/2022\/08\/ALLROUND-Art-Nr-65.jpg\u00bb alt=\u00bbAllround &#8211; Rodilleras de neopreno\u00bb _builder_version=\u00bb4.20.0&#8243; _module_preset=\u00bbdefault\u00bb body_font_size=\u00bb14px\u00bb background_enable_color=\u00bboff\u00bb custom_padding=\u00bb10px|10px|10px|10px|true|true\u00bb link_option_url=\u00bbhttps:\/\/nierhaus-knieschoner.de\/wp-content\/uploads\/2023\/03\/EG-Konformitaetserklaerung-Nr-65-PSA-V.pdf\u00bb link_option_url_new_window=\u00bbon\u00bb global_colors_info=\u00bb{}\u00bb]<\/p>\n<p>Declaraci\u00f3n de conformidad<\/p>\n<p>[\/et_pb_blurb][\/et_pb_column][et_pb_column type=\u00bb1_5&#8243; _builder_version=\u00bb4.20.0&#8243; _module_preset=\u00bbdefault\u00bb background_color=\u00bb#FFFFFF\u00bb global_colors_info=\u00bb{}\u00bb][et_pb_blurb title=\u00bbProfesional n\u00ba 69&#8243; image=\u00bbhttps:\/\/nierhaus-knieschoner.de\/wp-content\/uploads\/2022\/08\/Professional-nr-69.jpg\u00bb alt=\u00bbEl protector de gel profesional n.\u00ba 69 es c\u00f3modo hasta la m\u00e9dula.\u00bb _builder_version=\u00bb4.20.0&#8243; _module_preset=\u00bbdefault\u00bb body_font_size=\u00bb14px\u00bb background_enable_color=\u00bboff\u00bb custom_padding=\u00bb10px|10px|10px|10px|true|true\u00bb link_option_url=\u00bbhttps:\/\/nierhaus-knieschoner.de\/wp-content\/uploads\/2023\/03\/EG-Konformitaetserklaerung-Nr-69-PSA-V.pdf\u00bb link_option_url_new_window=\u00bbon\u00bb global_colors_info=\u00bb{}\u00bb]<\/p>\n<p>Declaraci\u00f3n de conformidad<\/p>\n<p>[\/et_pb_blurb][\/et_pb_column][\/et_pb_row][\/et_pb_section]<\/p>\n","protected":false},"excerpt":{"rendered":"<p>Normas y declaraciones de conformidad para rodillerasDesde hace d\u00e9cadas existe una norma minera alemana DIN 23311, que prescribe principalmente las dimensiones y las caracter\u00edsticas especiales de calidad de los protectores de rodilla. Estos se especifican para el uso duradero y la durabilidad de los productos.Con la aplicaci\u00f3n del Reglamento EPI 2016\/425, las rodilleras pertenecen por [&hellip;]<\/p>\n","protected":false},"author":1,"featured_media":0,"parent":0,"menu_order":0,"comment_status":"closed","ping_status":"closed","template":"","meta":{"_et_pb_use_builder":"on","_et_pb_old_content":"","_et_gb_content_width":"","footnotes":""},"class_list":["post-3188","page","type-page","status-publish","hentry"],"_links":{"self":[{"href":"https:\/\/nierhaus-knieschoner.de\/es\/wp-json\/wp\/v2\/pages\/3188","targetHints":{"allow":["GET"]}}],"collection":[{"href":"https:\/\/nierhaus-knieschoner.de\/es\/wp-json\/wp\/v2\/pages"}],"about":[{"href":"https:\/\/nierhaus-knieschoner.de\/es\/wp-json\/wp\/v2\/types\/page"}],"author":[{"embeddable":true,"href":"https:\/\/nierhaus-knieschoner.de\/es\/wp-json\/wp\/v2\/users\/1"}],"replies":[{"embeddable":true,"href":"https:\/\/nierhaus-knieschoner.de\/es\/wp-json\/wp\/v2\/comments?post=3188"}],"version-history":[{"count":10,"href":"https:\/\/nierhaus-knieschoner.de\/es\/wp-json\/wp\/v2\/pages\/3188\/revisions"}],"predecessor-version":[{"id":4497,"href":"https:\/\/nierhaus-knieschoner.de\/es\/wp-json\/wp\/v2\/pages\/3188\/revisions\/4497"}],"wp:attachment":[{"href":"https:\/\/nierhaus-knieschoner.de\/es\/wp-json\/wp\/v2\/media?parent=3188"}],"curies":[{"name":"wp","href":"https:\/\/api.w.org\/{rel}","templated":true}]}}