{"id":3323,"date":"2022-08-26T11:11:18","date_gmt":"2022-08-26T09:11:18","guid":{"rendered":"https:\/\/nierhaus-knieschoner.de\/gama-de-proteccion-para-las-rodillas\/"},"modified":"2023-10-10T15:21:13","modified_gmt":"2023-10-10T13:21:13","slug":"gama-de-proteccion-para-las-rodillas","status":"publish","type":"page","link":"https:\/\/nierhaus-knieschoner.de\/es\/gama-de-proteccion-para-las-rodillas\/","title":{"rendered":"Gama de protecci\u00f3n para las rodillas"},"content":{"rendered":"<p>[et_pb_section fb_built=\u00bb1&#8243; _builder_version=\u00bb4.22.2&#8243; _module_preset=\u00bbdefault\u00bb use_background_color_gradient=\u00bbon\u00bb background_color_gradient_direction=\u00bb80deg\u00bb background_color_gradient_stops=\u00bbrgba(255,255,255,0) 0%|rgba(0,2,0,0.65) 100%\u00bb background_color_gradient_overlays_image=\u00bbon\u00bb background_image=\u00bbhttps:\/\/nierhaus-knieschoner.de\/wp-content\/uploads\/2023\/02\/Sortiment-Titel-1.jpg\u00bb positioning=\u00bbnone\u00bb position_origin_a=\u00bbtop_center\u00bb custom_margin=\u00bb-50px||||false|false\u00bb custom_padding=\u00bb0px||0px||true|false\u00bb hover_enabled=\u00bb0&#8243; global_colors_info=\u00bb{}\u00bb admin_label=\u00bbHeader\u00bb sticky_enabled=\u00bb0&#8243;][et_pb_row _builder_version=\u00bb4.19.5&#8243; _module_preset=\u00bbdefault\u00bb width=\u00bb60%\u00bb width_tablet=\u00bb90%\u00bb width_phone=\u00bb90%\u00bb width_last_edited=\u00bbon|phone\u00bb module_alignment=\u00bbright\u00bb height=\u00bb65vh\u00bb module_alignment_tablet=\u00bbright\u00bb module_alignment_phone=\u00bbcenter\u00bb module_alignment_last_edited=\u00bbon|tablet\u00bb global_colors_info=\u00bb{}\u00bb][et_pb_column type=\u00bb4_4&#8243; _builder_version=\u00bb4.18.0&#8243; _module_preset=\u00bbdefault\u00bb global_colors_info=\u00bb{}\u00bb][et_pb_text _builder_version=\u00bb4.20.2&#8243; _module_preset=\u00bbdefault\u00bb header_font=\u00bb|600|||||||\u00bb header_text_color=\u00bb#e8e8e8&#8243; header_font_size=\u00bb50px\u00bb custom_margin_tablet=\u00bb\u00bb custom_margin_phone=\u00bb||15px||false|false\u00bb custom_margin_last_edited=\u00bbon|phone\u00bb custom_padding=\u00bb18vh||||false|false\u00bb custom_padding_tablet=\u00bb18vh||||false|false\u00bb custom_padding_phone=\u00bb10vh||||false|false\u00bb custom_padding_last_edited=\u00bbon|phone\u00bb animation_style=\u00bbzoom\u00bb animation_delay=\u00bb500ms\u00bb header_font_size_tablet=\u00bb50px\u00bb header_font_size_phone=\u00bb45px\u00bb header_font_size_last_edited=\u00bbon|phone\u00bb header_text_shadow_style=\u00bbpreset2&#8243; global_colors_info=\u00bb{}\u00bb]<\/p>\n<h1>El modelo adecuado para cada sector<\/h1>\n<p>[\/et_pb_text][et_pb_text _builder_version=\u00bb4.20.2&#8243; _module_preset=\u00bbdefault\u00bb header_font=\u00bb|600|||||||\u00bb header_text_color=\u00bb#e8e8e8&#8243; header_font_size=\u00bb50px\u00bb header_2_font=\u00bb|600|||||||\u00bb header_2_text_color=\u00bb#e8e8e8&#8243; header_2_font_size=\u00bb45px\u00bb custom_margin_tablet=\u00bb\u00bb custom_margin_phone=\u00bb||10px||false|false\u00bb custom_margin_last_edited=\u00bbon|phone\u00bb custom_padding=\u00bb|||50px|false|false\u00bb custom_padding_tablet=\u00bb|||50px|false|false\u00bb custom_padding_phone=\u00bb|||0px|false|false\u00bb custom_padding_last_edited=\u00bbon|phone\u00bb animation_style=\u00bbzoom\u00bb animation_delay=\u00bb2200ms\u00bb header_2_font_size_tablet=\u00bb45px\u00bb header_2_font_size_phone=\u00bb36px\u00bb header_2_font_size_last_edited=\u00bbon|phone\u00bb header_text_shadow_style=\u00bbpreset2&#8243; header_2_text_shadow_style=\u00bbpreset2&#8243; global_colors_info=\u00bb{}\u00bb]<\/p>\n<h2>Rodilleras<\/h2>\n<p>[\/et_pb_text][et_pb_text _builder_version=\u00bb4.20.2&#8243; _module_preset=\u00bbdefault\u00bb header_font=\u00bb|600|||||||\u00bb header_text_color=\u00bb#e8e8e8&#8243; header_font_size=\u00bb35px\u00bb header_2_font=\u00bb|600|||||||\u00bb header_2_text_color=\u00bb#e8e8e8&#8243; header_2_font_size=\u00bb45px\u00bb custom_margin_tablet=\u00bb\u00bb custom_margin_phone=\u00bb||10px||false|false\u00bb custom_margin_last_edited=\u00bbon|phone\u00bb custom_padding=\u00bb|||100px|false|false\u00bb custom_padding_tablet=\u00bb|||100px|false|false\u00bb custom_padding_phone=\u00bb|||0px|false|false\u00bb custom_padding_last_edited=\u00bbon|phone\u00bb animation_style=\u00bbzoom\u00bb animation_delay=\u00bb3500ms\u00bb header_2_font_size_tablet=\u00bb45px\u00bb header_2_font_size_phone=\u00bb36px\u00bb header_2_font_size_last_edited=\u00bbon|phone\u00bb header_text_shadow_style=\u00bbpreset2&#8243; header_2_text_shadow_style=\u00bbpreset2&#8243; global_colors_info=\u00bb{}\u00bb]<\/p>\n<h2>Rodillera<\/h2>\n<p>[\/et_pb_text][et_pb_text _builder_version=\u00bb4.19.5&#8243; _module_preset=\u00bbdefault\u00bb header_font=\u00bb|600|||||||\u00bb header_text_color=\u00bb#e8e8e8&#8243; header_font_size=\u00bb35px\u00bb header_2_font=\u00bb|600|||||||\u00bb header_2_text_color=\u00bb#e8e8e8&#8243; header_2_font_size=\u00bb45px\u00bb custom_padding=\u00bb|||150px|false|false\u00bb custom_padding_tablet=\u00bb|||100px|false|false\u00bb custom_padding_phone=\u00bb|||0px|false|false\u00bb custom_padding_last_edited=\u00bbon|phone\u00bb animation_style=\u00bbzoom\u00bb animation_delay=\u00bb4800ms\u00bb header_2_font_size_tablet=\u00bb45px\u00bb header_2_font_size_phone=\u00bb36px\u00bb header_2_font_size_last_edited=\u00bbon|phone\u00bb header_text_shadow_style=\u00bbpreset2&#8243; header_2_text_shadow_style=\u00bbpreset2&#8243; global_colors_info=\u00bb{}\u00bb]<\/p>\n<h2>Rodilleras<\/h2>\n<p>[\/et_pb_text][\/et_pb_column][\/et_pb_row][\/et_pb_section][et_pb_section fb_built=\u00bb1&#8243; _builder_version=\u00bb4.22.2&#8243; _module_preset=\u00bbdefault\u00bb background_color=\u00bb#CED5D9&#8243; custom_padding=\u00bb0px||0px||false|false\u00bb bottom_divider_height=\u00bb50px\u00bb bottom_divider_repeat=\u00bb1x\u00bb bottom_divider_height_tablet=\u00bb20px\u00bb bottom_divider_height_phone=\u00bb10px\u00bb bottom_divider_height_last_edited=\u00bbon|phone\u00bb hover_enabled=\u00bb0&#8243; global_colors_info=\u00bb{}\u00bb admin_label=\u00bbSortiment &#8211; Titel\u00bb sticky_enabled=\u00bb0&#8243;][et_pb_row _builder_version=\u00bb4.18.0&#8243; _module_preset=\u00bbdefault\u00bb width=\u00bb90%\u00bb max_width=\u00bb90%\u00bb global_colors_info=\u00bb{}\u00bb][et_pb_column type=\u00bb4_4&#8243; _builder_version=\u00bb4.18.0&#8243; _module_preset=\u00bbdefault\u00bb global_colors_info=\u00bb{}\u00bb][et_pb_text _builder_version=\u00bb4.20.2&#8243; _module_preset=\u00bbdefault\u00bb header_font_size=\u00bb2.8rem\u00bb header_2_font_size=\u00bb2.8rem\u00bb header_2_font_size_tablet=\u00bb2.8rem\u00bb header_2_font_size_phone=\u00bb2rem\u00bb header_2_font_size_last_edited=\u00bbon|phone\u00bb global_colors_info=\u00bb{}\u00bb]<\/p>\n<h2 style=\"text-align: center;\">Nuestro surtido<\/h2>\n<p>[\/et_pb_text][\/et_pb_column][\/et_pb_row][\/et_pb_section][et_pb_section fb_built=\u00bb1&#8243; _builder_version=\u00bb4.22.2&#8243; _module_preset=\u00bbdefault\u00bb hover_enabled=\u00bb0&#8243; global_colors_info=\u00bb{}\u00bb admin_label=\u00bbSortiment\u00bb sticky_enabled=\u00bb0&#8243;][et_pb_row column_structure=\u00bb1_4,3_4&#8243; use_custom_gutter=\u00bbon\u00bb gutter_width=\u00bb2&#8243; _builder_version=\u00bb4.18.0&#8243; _module_preset=\u00bbdefault\u00bb width=\u00bb90%\u00bb max_width=\u00bb90%\u00bb global_colors_info=\u00bb{}\u00bb][et_pb_column type=\u00bb1_4&#8243; _builder_version=\u00bb4.18.0&#8243; _module_preset=\u00bbdefault\u00bb global_colors_info=\u00bb{}\u00bb][et_pb_text disabled_on=\u00bboff|off|on\u00bb _builder_version=\u00bb4.20.2&#8243; _module_preset=\u00bbdefault\u00bb custom_margin=\u00bb||0px||false|false\u00bb global_colors_info=\u00bb{}\u00bb]<\/p>\n<h2>Filtros de productos y sectores<\/h2>\n<p>[\/et_pb_text][et_pb_code disabled_on=\u00bboff|off|off\u00bb _builder_version=\u00bb4.20.2&#8243; _module_preset=\u00bbdefault\u00bb global_colors_info=\u00bb{}\u00bb] [\/et_pb_code][\/et_pb_column][et_pb_column type=\u00bb3_4&#8243; _builder_version=\u00bb4.18.0&#8243; _module_preset=\u00bbdefault\u00bb global_colors_info=\u00bb{}\u00bb][et_pb_portfolio fullwidth=\u00bboff\u00bb posts_number=\u00bb96&#8243; include_categories=\u00bb6,9,10,7,11,12,14,8,13,15,16&#8243; _builder_version=\u00bb4.19.5&#8243; _module_preset=\u00bbdefault\u00bb global_colors_info=\u00bb{}\u00bb][\/et_pb_portfolio][\/et_pb_column][\/et_pb_row][\/et_pb_section][et_pb_section fb_built=\u00bb1&#8243; _builder_version=\u00bb4.22.2&#8243; _module_preset=\u00bbdefault\u00bb hover_enabled=\u00bb0&#8243; global_colors_info=\u00bb{}\u00bb admin_label=\u00bbSortiment &#8211; Text\u00bb sticky_enabled=\u00bb0&#8243;][et_pb_row column_structure=\u00bb1_4,3_4&#8243; use_custom_gutter=\u00bbon\u00bb gutter_width=\u00bb2&#8243; _builder_version=\u00bb4.18.0&#8243; _module_preset=\u00bbdefault\u00bb width=\u00bb90%\u00bb max_width=\u00bb90%\u00bb global_colors_info=\u00bb{}\u00bb][et_pb_column type=\u00bb1_4&#8243; _builder_version=\u00bb4.18.0&#8243; _module_preset=\u00bbdefault\u00bb global_colors_info=\u00bb{}\u00bb][\/et_pb_column][et_pb_column type=\u00bb3_4&#8243; _builder_version=\u00bb4.18.0&#8243; _module_preset=\u00bbdefault\u00bb global_colors_info=\u00bb{}\u00bb][et_pb_text _builder_version=\u00bb4.22.2&#8243; _module_preset=\u00bbdefault\u00bb header_3_font_size=\u00bb20px\u00bb hover_enabled=\u00bb0&#8243; global_colors_info=\u00bb{}\u00bb locked=\u00bboff\u00bb sticky_enabled=\u00bb0&#8243;]<\/p>\n<h3>Un surtido adaptado a las necesidades de nuestros clientes<\/h3>\n<p>Cuando busque una protecci\u00f3n de rodillas adecuada para su trabajo, eche un vistazo a nuestra gama.  <br \/>Como fabricante y desarrollador con d\u00e9cadas de experiencia en seguridad laboral, en el campo de las rodilleras y los protectores articulares, podemos ofrecer la protecci\u00f3n articular \u00f3ptima para una amplia gama de industrias y actividades.  <br \/>Adem\u00e1s del soporte ideal de la anatom\u00eda articular, siempre se tienen en cuenta las circunstancias externas y los movimientos necesarios para las actividades.  <br \/>Por ejemplo, las rodilleras utilizadas en la construcci\u00f3n de carreteras deben ser especialmente robustas y resistentes a la perforaci\u00f3n de gravilla o piedras de bordes afilados. Los paisajistas y otros artesanos de exteriores tambi\u00e9n se benefician de ello. A los soladores les interesa que la rodillera no produzca abrasi\u00f3n, mientras que los soladores tambi\u00e9n prestan atenci\u00f3n a la resistencia a los productos qu\u00edmicos.<\/p>\n<p>Otros artesanos, como electricistas, pintores e ingenieros mecatr\u00f3nicos, que no trabajan predominantemente en posici\u00f3n arrodillada pero necesitan una protecci\u00f3n articular de alta calidad, encontrar\u00e1n en nuestra gama cojines de inserci\u00f3n y rodilleras para pantalones de trabajo.<\/p>\n<p>Nuestras rodilleras ofrecen protecci\u00f3n a todos aquellos que no quieren atarse algo a la pierna. Combinado con nuestro Knierolli, puede trabajar en grandes superficies muy r\u00e1pidamente. Ideal para rejuntar bordes largos en habitaciones grandes.<\/p>\n<h3>Los detalles hacen buenas las rodilleras<\/h3>\n<p>Para hacer de una buena rodillera el mejor protector articular, los detalles son especialmente importantes. Las correas de sujeci\u00f3n no deben cortar y deben garantizar una sujeci\u00f3n segura con la mayor libertad de movimiento posible. Si luego son f\u00e1ciles y r\u00e1pidas de poner, son ideales y nosotros utilizamos estas correas de sujeci\u00f3n especiales para nuestros productos de seguridad laboral.<\/p>\n<p>&nbsp;<\/p>\n<p>[\/et_pb_text][\/et_pb_column][\/et_pb_row][\/et_pb_section]<\/p>\n","protected":false},"excerpt":{"rendered":"<p>El modelo adecuado para cada sectorRodillerasRodilleraRodillerasNuestro surtidoFiltros de productos y sectores Un surtido adaptado a las necesidades de nuestros clientes Cuando busque una protecci\u00f3n de rodillas adecuada para su trabajo, eche un vistazo a nuestra gama. Como fabricante y desarrollador con d\u00e9cadas de experiencia en seguridad laboral, en el campo de las rodilleras y los [&hellip;]<\/p>\n","protected":false},"author":1,"featured_media":0,"parent":0,"menu_order":0,"comment_status":"closed","ping_status":"closed","template":"","meta":{"_et_pb_use_builder":"on","_et_pb_old_content":"","_et_gb_content_width":"","footnotes":""},"class_list":["post-3323","page","type-page","status-publish","hentry"],"_links":{"self":[{"href":"https:\/\/nierhaus-knieschoner.de\/es\/wp-json\/wp\/v2\/pages\/3323","targetHints":{"allow":["GET"]}}],"collection":[{"href":"https:\/\/nierhaus-knieschoner.de\/es\/wp-json\/wp\/v2\/pages"}],"about":[{"href":"https:\/\/nierhaus-knieschoner.de\/es\/wp-json\/wp\/v2\/types\/page"}],"author":[{"embeddable":true,"href":"https:\/\/nierhaus-knieschoner.de\/es\/wp-json\/wp\/v2\/users\/1"}],"replies":[{"embeddable":true,"href":"https:\/\/nierhaus-knieschoner.de\/es\/wp-json\/wp\/v2\/comments?post=3323"}],"version-history":[{"count":4,"href":"https:\/\/nierhaus-knieschoner.de\/es\/wp-json\/wp\/v2\/pages\/3323\/revisions"}],"predecessor-version":[{"id":4559,"href":"https:\/\/nierhaus-knieschoner.de\/es\/wp-json\/wp\/v2\/pages\/3323\/revisions\/4559"}],"wp:attachment":[{"href":"https:\/\/nierhaus-knieschoner.de\/es\/wp-json\/wp\/v2\/media?parent=3323"}],"curies":[{"name":"wp","href":"https:\/\/api.w.org\/{rel}","templated":true}]}}