{"id":3336,"date":"2022-08-26T11:23:31","date_gmt":"2022-08-26T09:23:31","guid":{"rendered":"https:\/\/nierhaus-knieschoner.de\/pie-de-imprenta\/"},"modified":"2023-10-10T11:47:40","modified_gmt":"2023-10-10T09:47:40","slug":"pie-de-imprenta","status":"publish","type":"page","link":"https:\/\/nierhaus-knieschoner.de\/es\/pie-de-imprenta\/","title":{"rendered":"Pie de imprenta"},"content":{"rendered":"<p>[et_pb_section fb_built=\u00bb1&#8243; _builder_version=\u00bb4.18.0&#8243; _module_preset=\u00bbdefault\u00bb background_color=\u00bb#222222&#8243; custom_padding=\u00bb0px||0px||false|false\u00bb bottom_divider_style=\u00bbcurve\u00bb bottom_divider_color=\u00bb#FFFFFF\u00bb bottom_divider_height=\u00bb50px\u00bb bottom_divider_repeat=\u00bb1x\u00bb bottom_divider_height_tablet=\u00bb20px\u00bb bottom_divider_height_phone=\u00bb10px\u00bb bottom_divider_height_last_edited=\u00bbon|phone\u00bb global_colors_info=\u00bb{}\u00bb][et_pb_row _builder_version=\u00bb4.18.0&#8243; _module_preset=\u00bbdefault\u00bb width=\u00bb90%\u00bb max_width=\u00bb90%\u00bb global_colors_info=\u00bb{}\u00bb][et_pb_column type=\u00bb4_4&#8243; _builder_version=\u00bb4.18.0&#8243; _module_preset=\u00bbdefault\u00bb global_colors_info=\u00bb{}\u00bb][et_pb_text _builder_version=\u00bb4.18.0&#8243; _module_preset=\u00bbdefault\u00bb text_text_color=\u00bb#FFFFFF\u00bb header_text_color=\u00bb#FFFFFF\u00bb header_2_text_color=\u00bb#FFFFFF\u00bb header_2_font_size=\u00bb45px\u00bb global_colors_info=\u00bb{}\u00bb]<\/p>\n<h1 style=\"text-align: center;\">Pie de imprenta<\/h1>\n<p>[\/et_pb_text][\/et_pb_column][\/et_pb_row][\/et_pb_section][et_pb_section fb_built=\u00bb1&#8243; next_background_color=\u00bb#222222&#8243; _builder_version=\u00bb4.18.0&#8243; _module_preset=\u00bbdefault\u00bb background_enable_color=\u00bboff\u00bb background_image=\u00bbhttps:\/\/nierhaus-knieschoner.de\/wp-content\/uploads\/2022\/08\/Knieprotector-Wohlpro-hintergrund-300.jpg\u00bb background_size=\u00bbinitial\u00bb bottom_divider_style=\u00bbcurve\u00bb bottom_divider_height=\u00bb50px\u00bb bottom_divider_flip=\u00bbhorizontal\u00bb bottom_divider_height_tablet=\u00bb20px\u00bb bottom_divider_height_phone=\u00bb10px\u00bb bottom_divider_height_last_edited=\u00bbon|phone\u00bb global_colors_info=\u00bb{}\u00bb][et_pb_row _builder_version=\u00bb4.18.0&#8243; _module_preset=\u00bbdefault\u00bb width=\u00bb90%\u00bb max_width=\u00bb90%\u00bb custom_padding=\u00bb||40px||false|false\u00bb global_colors_info=\u00bb{}\u00bb][et_pb_column type=\u00bb4_4&#8243; _builder_version=\u00bb4.18.0&#8243; _module_preset=\u00bbdefault\u00bb global_colors_info=\u00bb{}\u00bb][et_pb_text _builder_version=\u00bb4.18.0&#8243; _module_preset=\u00bbdefault\u00bb header_2_font_size=\u00bb27px\u00bb header_3_font_size=\u00bb25px\u00bb custom_padding=\u00bb||0px|||\u00bb global_colors_info=\u00bb{}\u00bb]<\/p>\n<h2>Informaci\u00f3n conforme al art\u00edculo 5 de la TMG:<\/h2>\n<p>Nierhaus GmbH<br \/>Herforder Stra\u00dfe 145<br \/>32105 Bad Salzuflen<\/p>\n<h2>Representado por:<\/h2>\n<p>Directora General Kerstin Stieghorst<\/p>\n<h2>Contacto:<\/h2>\n<p>Tel\u00e9fono: +49 (0)5222 &#8211; 5 94 59<br \/>Fax: +49 (0)5222 &#8211; 48 17<br \/>Correo electr\u00f3nico: nierhaus@nierhaus.de<\/p>\n<h2>Registre su entrada:<\/h2>\n<p>Inscripci\u00f3n en el registro mercantil.<br \/>Tribunal de Registro:<br \/>N\u00famero de registro: HRB 2963<\/p>\n<h3>Impuesto sobre las ventas:<\/h3>\n<p>N\u00famero de identificaci\u00f3n fiscal seg\u00fan \u00a727 a Umsatzsteuergesetz:<br \/>DE 812 984 714<\/p>\n<h3>Resoluci\u00f3n de litigios<\/h3>\n<p>La Comisi\u00f3n Europea ofrece una plataforma para la resoluci\u00f3n de litigios en l\u00ednea (ODR): https:\/\/ec.europa.eu\/consumers\/odr.<br \/>Encontrar\u00e1 nuestra direcci\u00f3n de correo electr\u00f3nico en el pie de imprenta.<\/p>\n<p>No estamos dispuestos ni obligados a participar en procedimientos de resoluci\u00f3n de litigios ante una junta arbitral de consumo.<\/p>\n<h2>Responsabilidad por el contenido<\/h2>\n<p>Como proveedor de servicios, somos, de conformidad con el \u00a7 7 P\u00e1rr. 1 TMG es responsable de su propio contenido en estas p\u00e1ginas de acuerdo con las leyes generales. Sin embargo, de acuerdo con los art\u00edculos 8 a 10 de la TMG, no estamos obligados como proveedores de servicios a supervisar la informaci\u00f3n de terceros transmitida o almacenada ni a investigar circunstancias que indiquen una actividad ilegal.<\/p>\n<p>Esto no afecta a las obligaciones de eliminar o bloquear el uso de informaci\u00f3n de conformidad con las leyes generales. Sin embargo, la responsabilidad a este respecto s\u00f3lo es posible a partir del momento en que se tiene conocimiento de una infracci\u00f3n concreta. Si tenemos conocimiento de alguna infracci\u00f3n de este tipo, eliminaremos este contenido inmediatamente.<\/p>\n<h3>Responsabilidad de los enlaces<\/h3>\n<p>Nuestra oferta contiene enlaces a sitios web externos de terceros, sobre cuyos contenidos no tenemos ninguna influencia. Por lo tanto, no podemos asumir ninguna responsabilidad por estos contenidos externos. El respectivo proveedor u operador de las p\u00e1ginas es siempre responsable del contenido de las p\u00e1ginas enlazadas. En el momento de establecer el enlace, se comprob\u00f3 que las p\u00e1ginas enlazadas no infringieran la ley. Los contenidos ilegales no eran reconocibles en el momento del enlace.<\/p>\n<p>Sin embargo, un control permanente de los contenidos de las p\u00e1ginas enlazadas no es razonable sin indicios concretos de violaci\u00f3n de la ley. Si tenemos conocimiento de alguna infracci\u00f3n de la ley, eliminaremos dichos enlaces inmediatamente.<br \/>Copyright<\/p>\n<p>Los contenidos y obras creados por los operadores del sitio en estas p\u00e1ginas est\u00e1n sujetos a la legislaci\u00f3n alemana sobre derechos de autor. La reproducci\u00f3n, edici\u00f3n, distribuci\u00f3n y cualquier tipo de utilizaci\u00f3n fuera de los l\u00edmites de la ley de propiedad intelectual requieren el consentimiento por escrito del autor o creador correspondiente. Las descargas y copias de esta p\u00e1gina s\u00f3lo est\u00e1n permitidas para uso privado y no comercial.<\/p>\n<p>En la medida en que el contenido de esta p\u00e1gina no haya sido creado por el operador, se respetan los derechos de autor de terceros. En particular, los contenidos de terceros se identifican como tales. No obstante, si tiene conocimiento de una infracci\u00f3n de los derechos de autor, le rogamos que nos lo comunique. Si tenemos conocimiento de alguna infracci\u00f3n, eliminaremos dicho contenido inmediatamente.<\/p>\n<p>[\/et_pb_text][\/et_pb_column][\/et_pb_row][\/et_pb_section]<\/p>\n","protected":false},"excerpt":{"rendered":"<p>Pie de imprentaInformaci\u00f3n conforme al art\u00edculo 5 de la TMG: Nierhaus GmbHHerforder Stra\u00dfe 14532105 Bad Salzuflen Representado por: Directora General Kerstin Stieghorst Contacto: Tel\u00e9fono: +49 (0)5222 &#8211; 5 94 59Fax: +49 (0)5222 &#8211; 48 17Correo electr\u00f3nico: nierhaus@nierhaus.de Registre su entrada: Inscripci\u00f3n en el registro mercantil.Tribunal de Registro:N\u00famero de registro: HRB 2963 Impuesto sobre las ventas: [&hellip;]<\/p>\n","protected":false},"author":1,"featured_media":0,"parent":0,"menu_order":0,"comment_status":"closed","ping_status":"closed","template":"","meta":{"_et_pb_use_builder":"on","_et_pb_old_content":"","_et_gb_content_width":"","footnotes":""},"class_list":["post-3336","page","type-page","status-publish","hentry"],"_links":{"self":[{"href":"https:\/\/nierhaus-knieschoner.de\/es\/wp-json\/wp\/v2\/pages\/3336","targetHints":{"allow":["GET"]}}],"collection":[{"href":"https:\/\/nierhaus-knieschoner.de\/es\/wp-json\/wp\/v2\/pages"}],"about":[{"href":"https:\/\/nierhaus-knieschoner.de\/es\/wp-json\/wp\/v2\/types\/page"}],"author":[{"embeddable":true,"href":"https:\/\/nierhaus-knieschoner.de\/es\/wp-json\/wp\/v2\/users\/1"}],"replies":[{"embeddable":true,"href":"https:\/\/nierhaus-knieschoner.de\/es\/wp-json\/wp\/v2\/comments?post=3336"}],"version-history":[{"count":10,"href":"https:\/\/nierhaus-knieschoner.de\/es\/wp-json\/wp\/v2\/pages\/3336\/revisions"}],"predecessor-version":[{"id":4507,"href":"https:\/\/nierhaus-knieschoner.de\/es\/wp-json\/wp\/v2\/pages\/3336\/revisions\/4507"}],"wp:attachment":[{"href":"https:\/\/nierhaus-knieschoner.de\/es\/wp-json\/wp\/v2\/media?parent=3336"}],"curies":[{"name":"wp","href":"https:\/\/api.w.org\/{rel}","templated":true}]}}