{"id":3246,"date":"2022-10-27T15:35:46","date_gmt":"2022-10-27T13:35:46","guid":{"rendered":"https:\/\/nierhaus-knieschoner.de\/normes-et-declarations-de-conformite-pour-les-genouilleres\/"},"modified":"2023-10-10T11:47:36","modified_gmt":"2023-10-10T09:47:36","slug":"normes-et-declarations-de-conformite-pour-les-genouilleres","status":"publish","type":"page","link":"https:\/\/nierhaus-knieschoner.de\/fr\/normes-et-declarations-de-conformite-pour-les-genouilleres\/","title":{"rendered":"Normes et d\u00e9clarations de conformit\u00e9 pour les genouill\u00e8res"},"content":{"rendered":"<p>[et_pb_section fb_built=\u00a0\u00bb1&Prime; _builder_version=\u00a0\u00bb4.18.0&Prime; _module_preset=\u00a0\u00bbdefault\u00a0\u00bb background_enable_image=\u00a0\u00bboff\u00a0\u00bb positioning=\u00a0\u00bbnone\u00a0\u00bb position_origin_a=\u00a0\u00bbtop_center\u00a0\u00bb custom_margin=\u00a0\u00bb-50px||||false|false\u00a0\u00bb custom_padding=\u00a0\u00bb0px||0px||true|false\u00a0\u00bb global_colors_info=\u00a0\u00bb{}\u00a0\u00bb][et_pb_row _builder_version=\u00a0\u00bb4.18.0&Prime; _module_preset=\u00a0\u00bbdefault\u00a0\u00bb width=\u00a0\u00bb100%\u00a0\u00bb max_width=\u00a0\u00bb100%\u00a0\u00bb global_colors_info=\u00a0\u00bb{}\u00a0\u00bb][et_pb_column type=\u00a0\u00bb4_4&Prime; _builder_version=\u00a0\u00bb4.18.0&Prime; _module_preset=\u00a0\u00bbdefault\u00a0\u00bb global_colors_info=\u00a0\u00bb{}\u00a0\u00bb][et_pb_image src=\u00a0\u00bbhttps:\/\/nierhaus-knieschoner.de\/wp-content\/uploads\/2022\/10\/normen-fuer-knieschoner-titel-3405_b2-1.jpg\u00a0\u00bb alt=\u00a0\u00bbNormes pour la protection des genoux\u00a0\u00bb title_text=\u00a0\u00bbNormes pour la protection des genoux\u00a0\u00bb show_bottom_space=\u00a0\u00bboff\u00a0\u00bb _builder_version=\u00a0\u00bb4.18.0&Prime; _module_preset=\u00a0\u00bbdefault\u00a0\u00bb global_colors_info=\u00a0\u00bb{}\u00a0\u00bb][\/et_pb_image][\/et_pb_column][\/et_pb_row][\/et_pb_section][et_pb_section fb_built=\u00a0\u00bb1&Prime; _builder_version=\u00a0\u00bb4.19.5&Prime; _module_preset=\u00a0\u00bbdefault\u00a0\u00bb background_color=\u00a0\u00bb#CED5D9&Prime; custom_padding=\u00a0\u00bb0px||0px||false|false\u00a0\u00bb bottom_divider_color=\u00a0\u00bb#FFFFFF\u00a0\u00bb bottom_divider_height=\u00a0\u00bb50px\u00a0\u00bb bottom_divider_repeat=\u00a0\u00bb1x\u00a0\u00bb bottom_divider_height_tablet=\u00a0\u00bb20px\u00a0\u00bb bottom_divider_height_phone=\u00a0\u00bb10px\u00a0\u00bb bottom_divider_height_last_edited=\u00a0\u00bbon|phone\u00a0\u00bb global_colors_info=\u00a0\u00bb{}\u00a0\u00bb][et_pb_row _builder_version=\u00a0\u00bb4.18.0&Prime; _module_preset=\u00a0\u00bbdefault\u00a0\u00bb width=\u00a0\u00bb90%\u00a0\u00bb max_width=\u00a0\u00bb90%\u00a0\u00bb global_colors_info=\u00a0\u00bb{}\u00a0\u00bb][et_pb_column type=\u00a0\u00bb4_4&Prime; _builder_version=\u00a0\u00bb4.18.0&Prime; _module_preset=\u00a0\u00bbdefault\u00a0\u00bb global_colors_info=\u00a0\u00bb{}\u00a0\u00bb][et_pb_text _builder_version=\u00a0\u00bb4.20.2&Prime; _module_preset=\u00a0\u00bbdefault\u00a0\u00bb text_text_color=\u00a0\u00bb#FFFFFF\u00a0\u00bb header_2_font_size=\u00a0\u00bb45px\u00a0\u00bb hover_enabled=\u00a0\u00bb0&Prime; global_colors_info=\u00a0\u00bb{}\u00a0\u00bb header_font_size=\u00a0\u00bb2.8rem\u00a0\u00bb sticky_enabled=\u00a0\u00bb0&Prime; header_font_size_last_edited=\u00a0\u00bbon|phone\u00a0\u00bb header_font_size_phone=\u00a0\u00bb1.8rem\u00a0\u00bb header_font_size_tablet=\u00a0\u00bb2.8rem\u00a0\u00bb]<\/p>\n<h1 style=\"text-align: center;\">Normes et d\u00e9clarations de conformit\u00e9 pour les genouill\u00e8res<\/h1>\n<p>[\/et_pb_text][\/et_pb_column][\/et_pb_row][\/et_pb_section][et_pb_section fb_built=\u00a0\u00bb1&Prime; _builder_version=\u00a0\u00bb4.20.0&Prime; _module_preset=\u00a0\u00bbdefault\u00a0\u00bb background_enable_color=\u00a0\u00bboff\u00a0\u00bb background_enable_image=\u00a0\u00bboff\u00a0\u00bb background_size=\u00a0\u00bbinitial\u00a0\u00bb bottom_divider_height=\u00a0\u00bb50px\u00a0\u00bb bottom_divider_flip=\u00a0\u00bbhorizontal\u00a0\u00bb bottom_divider_height_tablet=\u00a0\u00bb20px\u00a0\u00bb bottom_divider_height_phone=\u00a0\u00bb10px\u00a0\u00bb bottom_divider_height_last_edited=\u00a0\u00bbon|phone\u00a0\u00bb global_colors_info=\u00a0\u00bb{}\u00a0\u00bb][et_pb_row column_structure=\u00a0\u00bb1_2,1_2&Prime; _builder_version=\u00a0\u00bb4.18.0&Prime; _module_preset=\u00a0\u00bbdefault\u00a0\u00bb width=\u00a0\u00bb90%\u00a0\u00bb max_width=\u00a0\u00bb90%\u00a0\u00bb custom_padding=\u00a0\u00bb||40px||false|false\u00a0\u00bb global_colors_info=\u00a0\u00bb{}\u00a0\u00bb][et_pb_column type=\u00a0\u00bb1_2&Prime; _builder_version=\u00a0\u00bb4.18.0&Prime; _module_preset=\u00a0\u00bbdefault\u00a0\u00bb global_colors_info=\u00a0\u00bb{}\u00a0\u00bb][et_pb_text _builder_version=\u00a0\u00bb4.20.0&Prime; _module_preset=\u00a0\u00bbdefault\u00a0\u00bb custom_padding=\u00a0\u00bb||0px|||\u00a0\u00bb global_colors_info=\u00a0\u00bb{}\u00a0\u00bb]<\/p>\n<p>Depuis des d\u00e9cennies, il existe une norme mini\u00e8re allemande DIN 23311 qui prescrit en premier lieu les dimensions et les caract\u00e9ristiques de qualit\u00e9 particuli\u00e8res des genouill\u00e8res. Ils sont d\u00e9finis pour une utilisation durable et une r\u00e9sistance \u00e0 l&rsquo;usure.<br \/>Avec la mise en \u0153uvre du r\u00e8glement EPI 2016\/425, les genouill\u00e8res font par d\u00e9finition partie des \u00e9quipements de protection individuelle de cat\u00e9gorie II et doivent \u00eatre soumises \u00e0 un examen de type. Ce n&rsquo;est que depuis f\u00e9vrier 2005 qu&rsquo;il existe une norme europ\u00e9enne pour les genouill\u00e8res (DIN EN 14404). Celui-ci sert de base \u00e0 l&rsquo;examen de type, qui est obligatoire pour toutes les genouill\u00e8res commercialis\u00e9es dans l&rsquo;UE.<\/p>\n<p>[\/et_pb_text][\/et_pb_column][et_pb_column type=\u00a0\u00bb1_2&Prime; _builder_version=\u00a0\u00bb4.18.0&Prime; _module_preset=\u00a0\u00bbdefault\u00a0\u00bb global_colors_info=\u00a0\u00bb{}\u00a0\u00bb][et_pb_text _builder_version=\u00a0\u00bb4.18.0&Prime; _module_preset=\u00a0\u00bbdefault\u00a0\u00bb global_colors_info=\u00a0\u00bb{}\u00a0\u00bb]<\/p>\n<p>Lors de la proc\u00e9dure de contr\u00f4le complexe, on v\u00e9rifie entre autres<\/p>\n<ol>\n<li>la r\u00e9partition de la pression est mesur\u00e9e au moyen d&rsquo;un genou d&rsquo;essai<\/li>\n<li>la r\u00e9sistance aux chocs<\/li>\n<li>la r\u00e9sistance \u00e0 la perforation<\/li>\n<li>le confort de port et<\/li>\n<li>v\u00e9rifi\u00e9 l&rsquo;\u00e9lasticit\u00e9 et la largeur des courroies<\/li>\n<\/ol>\n<p>[\/et_pb_text][\/et_pb_column][\/et_pb_row][et_pb_row _builder_version=\u00a0\u00bb4.18.0&Prime; _module_preset=\u00a0\u00bbdefault\u00a0\u00bb width=\u00a0\u00bb90%\u00a0\u00bb max_width=\u00a0\u00bb90%\u00a0\u00bb custom_padding=\u00a0\u00bb||40px||false|false\u00a0\u00bb global_colors_info=\u00a0\u00bb{}\u00a0\u00bb][et_pb_column type=\u00a0\u00bb4_4&Prime; _builder_version=\u00a0\u00bb4.18.0&Prime; _module_preset=\u00a0\u00bbdefault\u00a0\u00bb global_colors_info=\u00a0\u00bb{}\u00a0\u00bb][et_pb_text _builder_version=\u00a0\u00bb4.18.0&Prime; _module_preset=\u00a0\u00bbdefault\u00a0\u00bb custom_padding=\u00a0\u00bb||0px|||\u00a0\u00bb global_colors_info=\u00a0\u00bb{}\u00a0\u00bb]<\/p>\n<p>Nos genouill\u00e8res sont test\u00e9es et certifi\u00e9es conform\u00e9ment \u00e0 ces prescriptions selon la norme DIN EN 14404 ou font l&rsquo;objet d&rsquo;un contr\u00f4le de type sur la base de cette norme. Les exigences de qualit\u00e9 de la norme mini\u00e8re ont \u00e9t\u00e9 respect\u00e9es.<\/p>\n<p>[\/et_pb_text][\/et_pb_column][\/et_pb_row][\/et_pb_section][et_pb_section fb_built=\u00a0\u00bb1&Prime; _builder_version=\u00a0\u00bb4.20.0&Prime; _module_preset=\u00a0\u00bbdefault\u00a0\u00bb background_color=\u00a0\u00bb#E8E8E8&Prime; global_colors_info=\u00a0\u00bb{}\u00a0\u00bb][et_pb_row column_structure=\u00a0\u00bb1_5,1_5,1_5,1_5,1_5&Prime; use_custom_gutter=\u00a0\u00bbon\u00a0\u00bb gutter_width=\u00a0\u00bb2&Prime; _builder_version=\u00a0\u00bb4.20.0&Prime; _module_preset=\u00a0\u00bbdefault\u00a0\u00bb width=\u00a0\u00bb90%\u00a0\u00bb max_width=\u00a0\u00bb90%\u00a0\u00bb custom_padding=\u00a0\u00bb||40px||false|false\u00a0\u00bb global_colors_info=\u00a0\u00bb{}\u00a0\u00bb][et_pb_column type=\u00a0\u00bb1_5&Prime; _builder_version=\u00a0\u00bb4.20.0&Prime; _module_preset=\u00a0\u00bbdefault\u00a0\u00bb background_color=\u00a0\u00bb#FFFFFF\u00a0\u00bb global_colors_info=\u00a0\u00bb{}\u00a0\u00bb][et_pb_blurb title=\u00a0\u00bbCaisse n\u00b0 4&Prime; image=\u00a0\u00bbhttps:\/\/nierhaus-knieschoner.de\/wp-content\/uploads\/2022\/08\/Kasten-nr4-Wohltat-Knieschoner.jpg\u00a0\u00bb alt=\u00a0\u00bbgenouill\u00e8res en forme de bo\u00eete originales Wohltat\u00a0\u00bb _builder_version=\u00a0\u00bb4.20.0&Prime; _module_preset=\u00a0\u00bbdefault\u00a0\u00bb body_font_size=\u00a0\u00bb14px\u00a0\u00bb background_enable_color=\u00a0\u00bboff\u00a0\u00bb custom_padding=\u00a0\u00bb10px|10px|10px|10px|true|true\u00a0\u00bb link_option_url=\u00a0\u00bbhttps:\/\/nierhaus-knieschoner.de\/wp-content\/uploads\/2023\/03\/EG-Konformitaetserklaerung-Nr-4-PSA-Verordnung.pdf\u00a0\u00bb link_option_url_new_window=\u00a0\u00bbon\u00a0\u00bb global_colors_info=\u00a0\u00bb{}\u00a0\u00bb]<\/p>\n<p>D\u00e9claration de conformit\u00e9<\/p>\n<p>[\/et_pb_blurb][\/et_pb_column][et_pb_column type=\u00a0\u00bb1_5&Prime; _builder_version=\u00a0\u00bb4.20.0&Prime; _module_preset=\u00a0\u00bbdefault\u00a0\u00bb background_color=\u00a0\u00bb#FFFFFF\u00a0\u00bb global_colors_info=\u00a0\u00bb{}\u00a0\u00bb][et_pb_blurb title=\u00a0\u00bbJardinier no 5\/7&Prime; image=\u00a0\u00bbhttps:\/\/nierhaus-knieschoner.de\/wp-content\/uploads\/2022\/08\/GAERTNER-Art-Nr-5-7.jpg\u00a0\u00bb alt=\u00a0\u00bbG\u00c4RTNER Genouill\u00e8res, Art. No 5\/7&Prime; _builder_version=\u00a0\u00bb4.20.0&Prime; _module_preset=\u00a0\u00bbdefault\u00a0\u00bb body_font_size=\u00a0\u00bb14px\u00a0\u00bb background_enable_color=\u00a0\u00bboff\u00a0\u00bb custom_padding=\u00a0\u00bb10px|10px|10px|10px|true|true\u00a0\u00bb link_option_url=\u00a0\u00bbhttps:\/\/nierhaus-knieschoner.de\/wp-content\/uploads\/2023\/03\/EG-Konformitaetserklaerung-5-7-Gaertner.pdf\u00a0\u00bb link_option_url_new_window=\u00a0\u00bbon\u00a0\u00bb global_colors_info=\u00a0\u00bb{}\u00a0\u00bb]<\/p>\n<p>D\u00e9claration de conformit\u00e9<\/p>\n<p>[\/et_pb_blurb][\/et_pb_column][et_pb_column type=\u00a0\u00bb1_5&Prime; _builder_version=\u00a0\u00bb4.20.0&Prime; _module_preset=\u00a0\u00bbdefault\u00a0\u00bb background_color=\u00a0\u00bb#FFFFFF\u00a0\u00bb global_colors_info=\u00a0\u00bb{}\u00a0\u00bb][et_pb_blurb title=\u00a0\u00bbFaucille n\u00b0 10&Prime; image=\u00a0\u00bbhttps:\/\/nierhaus-knieschoner.de\/wp-content\/uploads\/2022\/08\/Sichel-Knieschoner-nr-10.jpg\u00a0\u00bb alt=\u00a0\u00bbGenouill\u00e8re Sichel n\u00b0 10&Prime; _builder_version=\u00a0\u00bb4.20.0&Prime; _module_preset=\u00a0\u00bbdefault\u00a0\u00bb body_font_size=\u00a0\u00bb14px\u00a0\u00bb background_enable_color=\u00a0\u00bboff\u00a0\u00bb custom_padding=\u00a0\u00bb10px|10px|10px|10px|true|true\u00a0\u00bb link_option_url=\u00a0\u00bbhttps:\/\/nierhaus-knieschoner.de\/wp-content\/uploads\/2023\/03\/EG-Konformitaetserklaerung-Nr-10-PSA-V.pdf\u00a0\u00bb link_option_url_new_window=\u00a0\u00bbon\u00a0\u00bb global_colors_info=\u00a0\u00bb{}\u00a0\u00bb]<\/p>\n<p>D\u00e9claration de conformit\u00e9<\/p>\n<p>[\/et_pb_blurb][\/et_pb_column][et_pb_column type=\u00a0\u00bb1_5&Prime; _builder_version=\u00a0\u00bb4.20.0&Prime; _module_preset=\u00a0\u00bbdefault\u00a0\u00bb background_color=\u00a0\u00bb#FFFFFF\u00a0\u00bb global_colors_info=\u00a0\u00bb{}\u00a0\u00bb][et_pb_blurb title=\u00a0\u00bbHarmonica no 13v\u00a0\u00bb image=\u00a0\u00bbhttps:\/\/nierhaus-knieschoner.de\/wp-content\/uploads\/2022\/08\/HARMONICA-Art-Nr-13v.jpg\u00a0\u00bb alt=\u00a0\u00bbGenouill\u00e8re HARMONICA, Art. N\u00b0 13v\u00a0\u00bb _builder_version=\u00a0\u00bb4.20.0&Prime; _module_preset=\u00a0\u00bbdefault\u00a0\u00bb body_font_size=\u00a0\u00bb14px\u00a0\u00bb background_enable_color=\u00a0\u00bboff\u00a0\u00bb custom_padding=\u00a0\u00bb10px|10px|10px|10px|true|true\u00a0\u00bb link_option_url=\u00a0\u00bbhttps:\/\/nierhaus-knieschoner.de\/wp-content\/uploads\/2023\/03\/EG-Konformitaetserklaerung-Nr-13-V-ergo-PSA-V.pdf\u00a0\u00bb link_option_url_new_window=\u00a0\u00bbon\u00a0\u00bb global_colors_info=\u00a0\u00bb{}\u00a0\u00bb]<\/p>\n<p>D\u00e9claration de conformit\u00e9<\/p>\n<p>[\/et_pb_blurb][\/et_pb_column][et_pb_column type=\u00a0\u00bb1_5&Prime; _builder_version=\u00a0\u00bb4.20.0&Prime; _module_preset=\u00a0\u00bbdefault\u00a0\u00bb background_color=\u00a0\u00bb#FFFFFF\u00a0\u00bb global_colors_info=\u00a0\u00bb{}\u00a0\u00bb][et_pb_blurb title=\u00a0\u00bbHarmonica no 13vg\u00a0\u00bb image=\u00a0\u00bbhttps:\/\/nierhaus-knieschoner.de\/wp-content\/uploads\/2022\/08\/HARMONICA-Art-Nr-13vg-ergo.jpg\u00a0\u00bb alt=\u00a0\u00bbGenouill\u00e8re HARMONICA, Art. Art. n\u00b0 13vg ergo\u00a0\u00bb _builder_version=\u00a0\u00bb4.20.0&Prime; _module_preset=\u00a0\u00bbdefault\u00a0\u00bb body_font_size=\u00a0\u00bb14px\u00a0\u00bb background_enable_color=\u00a0\u00bboff\u00a0\u00bb custom_padding=\u00a0\u00bb10px|10px|10px|10px|true|true\u00a0\u00bb link_option_url=\u00a0\u00bbhttps:\/\/nierhaus-knieschoner.de\/wp-content\/uploads\/2023\/03\/EG-Konformitaetserklaerung-Nr-13-vg-PSA-V.pdf\u00a0\u00bb link_option_url_new_window=\u00a0\u00bbon\u00a0\u00bb global_colors_info=\u00a0\u00bb{}\u00a0\u00bb]<\/p>\n<p>D\u00e9claration de conformit\u00e9<\/p>\n<p>[\/et_pb_blurb][\/et_pb_column][\/et_pb_row][et_pb_row column_structure=\u00a0\u00bb1_5,1_5,1_5,1_5,1_5&Prime; use_custom_gutter=\u00a0\u00bbon\u00a0\u00bb gutter_width=\u00a0\u00bb2&Prime; make_equal=\u00a0\u00bbon\u00a0\u00bb _builder_version=\u00a0\u00bb4.20.0&Prime; _module_preset=\u00a0\u00bbdefault\u00a0\u00bb width=\u00a0\u00bb90%\u00a0\u00bb max_width=\u00a0\u00bb90%\u00a0\u00bb custom_padding=\u00a0\u00bb||40px||false|false\u00a0\u00bb global_colors_info=\u00a0\u00bb{}\u00a0\u00bb][et_pb_column type=\u00a0\u00bb1_5&Prime; _builder_version=\u00a0\u00bb4.20.0&Prime; _module_preset=\u00a0\u00bbdefault\u00a0\u00bb background_color=\u00a0\u00bb#FFFFFF\u00a0\u00bb global_colors_info=\u00a0\u00bb{}\u00a0\u00bb][et_pb_blurb title=\u00a0\u00bbArticulation n\u00b0 20a-20e\u00a0\u00bb image=\u00a0\u00bbhttps:\/\/nierhaus-knieschoner.de\/wp-content\/uploads\/2022\/08\/GELENK-Art-Nr-20a.jpg\u00a0\u00bb alt=\u00a0\u00bbGenouill\u00e8re GELENK, Art. N\u00b0 20a\u00a0\u00bb _builder_version=\u00a0\u00bb4.20.0&Prime; _module_preset=\u00a0\u00bbdefault\u00a0\u00bb body_font_size=\u00a0\u00bb14px\u00a0\u00bb background_color=\u00a0\u00bb#FFFFFF\u00a0\u00bb custom_padding=\u00a0\u00bb10px|10px|10px|10px|true|true\u00a0\u00bb link_option_url=\u00a0\u00bbhttps:\/\/nierhaus-knieschoner.de\/wp-content\/uploads\/2023\/03\/EG-Konformitaetserklaerung-Nr.-20a-e.pdf\u00a0\u00bb link_option_url_new_window=\u00a0\u00bbon\u00a0\u00bb global_colors_info=\u00a0\u00bb{}\u00a0\u00bb]<\/p>\n<p>D\u00e9claration de conformit\u00e9<\/p>\n<p>[\/et_pb_blurb][\/et_pb_column][et_pb_column type=\u00a0\u00bb1_5&Prime; _builder_version=\u00a0\u00bb4.20.0&Prime; _module_preset=\u00a0\u00bbdefault\u00a0\u00bb background_color=\u00a0\u00bb#FFFFFF\u00a0\u00bb global_colors_info=\u00a0\u00bb{}\u00a0\u00bb][et_pb_blurb title=\u00a0\u00bbUltra n\u00b0 29&Prime; image=\u00a0\u00bbhttps:\/\/nierhaus-knieschoner.de\/wp-content\/uploads\/2022\/08\/Ultra-nr-29.jpg\u00a0\u00bb alt=\u00a0\u00bbGenouill\u00e8re ULTRA ultra l\u00e9g\u00e8re, Art. N\u00b0 29&Prime; _builder_version=\u00a0\u00bb4.20.0&Prime; _module_preset=\u00a0\u00bbdefault\u00a0\u00bb body_font_size=\u00a0\u00bb14px\u00a0\u00bb background_enable_color=\u00a0\u00bboff\u00a0\u00bb custom_padding=\u00a0\u00bb10px|10px|10px|10px|true|true\u00a0\u00bb link_option_url=\u00a0\u00bbhttps:\/\/nierhaus-knieschoner.de\/wp-content\/uploads\/2023\/03\/EG-Konformitaetserklaerung-Nr-29-PSA-Ver.pdf\u00a0\u00bb link_option_url_new_window=\u00a0\u00bbon\u00a0\u00bb global_colors_info=\u00a0\u00bb{}\u00a0\u00bb]<\/p>\n<p>D\u00e9claration de conformit\u00e9<\/p>\n<p>[\/et_pb_blurb][\/et_pb_column][et_pb_column type=\u00a0\u00bb1_5&Prime; _builder_version=\u00a0\u00bb4.20.0&Prime; _module_preset=\u00a0\u00bbdefault\u00a0\u00bb background_color=\u00a0\u00bb#FFFFFF\u00a0\u00bb global_colors_info=\u00a0\u00bb{}\u00a0\u00bb][et_pb_blurb title=\u00a0\u00bbWohlpro n\u00b0 33&Prime; image=\u00a0\u00bbhttps:\/\/nierhaus-knieschoner.de\/wp-content\/uploads\/2022\/08\/Knieprotector-Wohlpro-Paar.jpg\u00a0\u00bb alt=\u00a0\u00bbPROTECTEUR DE GENOU WOHLPRO, Art. N\u00b0 33 anciennement connu sous le nom d&#039;Alpro Knie-Protector\u00a0\u00bb _builder_version=\u00a0\u00bb4.20.0&Prime; _module_preset=\u00a0\u00bbdefault\u00a0\u00bb body_font_size=\u00a0\u00bb14px\u00a0\u00bb background_enable_color=\u00a0\u00bboff\u00a0\u00bb custom_padding=\u00a0\u00bb10px|10px|10px|10px|true|true\u00a0\u00bb link_option_url=\u00a0\u00bbhttps:\/\/nierhaus-knieschoner.de\/wp-content\/uploads\/2023\/03\/EG-Konformitaetserklaerung-Nr-33-PSA-V.pdf\u00a0\u00bb link_option_url_new_window=\u00a0\u00bbon\u00a0\u00bb global_colors_info=\u00a0\u00bb{}\u00a0\u00bb]<\/p>\n<p>D\u00e9claration de conformit\u00e9<\/p>\n<p>[\/et_pb_blurb][\/et_pb_column][et_pb_column type=\u00a0\u00bb1_5&Prime; _builder_version=\u00a0\u00bb4.20.0&Prime; _module_preset=\u00a0\u00bbdefault\u00a0\u00bb background_color=\u00a0\u00bb#FFFFFF\u00a0\u00bb global_colors_info=\u00a0\u00bb{}\u00a0\u00bb][et_pb_blurb title=\u00a0\u00bbAllround No. 65&Prime; image=\u00a0\u00bbhttps:\/\/nierhaus-knieschoner.de\/wp-content\/uploads\/2022\/08\/ALLROUND-Art-Nr-65.jpg\u00a0\u00bb alt=\u00a0\u00bbAllround &#8211; Genouill\u00e8res en n\u00e9opr\u00e8ne\u00a0\u00bb _builder_version=\u00a0\u00bb4.20.0&Prime; _module_preset=\u00a0\u00bbdefault\u00a0\u00bb body_font_size=\u00a0\u00bb14px\u00a0\u00bb background_enable_color=\u00a0\u00bboff\u00a0\u00bb custom_padding=\u00a0\u00bb10px|10px|10px|10px|true|true\u00a0\u00bb link_option_url=\u00a0\u00bbhttps:\/\/nierhaus-knieschoner.de\/wp-content\/uploads\/2023\/03\/EG-Konformitaetserklaerung-Nr-65-PSA-V.pdf\u00a0\u00bb link_option_url_new_window=\u00a0\u00bbon\u00a0\u00bb global_colors_info=\u00a0\u00bb{}\u00a0\u00bb]<\/p>\n<p>D\u00e9claration de conformit\u00e9<\/p>\n<p>[\/et_pb_blurb][\/et_pb_column][et_pb_column type=\u00a0\u00bb1_5&Prime; _builder_version=\u00a0\u00bb4.20.0&Prime; _module_preset=\u00a0\u00bbdefault\u00a0\u00bb background_color=\u00a0\u00bb#FFFFFF\u00a0\u00bb global_colors_info=\u00a0\u00bb{}\u00a0\u00bb][et_pb_blurb title=\u00a0\u00bbProfessionnel n\u00b0 69&Prime; image=\u00a0\u00bbhttps:\/\/nierhaus-knieschoner.de\/wp-content\/uploads\/2022\/08\/Professional-nr-69.jpg\u00a0\u00bb alt=\u00a0\u00bbLe gel de protection professionnel n\u00b0 69 est confortable de bout en bout.\u00a0\u00bb _builder_version=\u00a0\u00bb4.20.0&Prime; _module_preset=\u00a0\u00bbdefault\u00a0\u00bb body_font_size=\u00a0\u00bb14px\u00a0\u00bb background_enable_color=\u00a0\u00bboff\u00a0\u00bb custom_padding=\u00a0\u00bb10px|10px|10px|10px|true|true\u00a0\u00bb link_option_url=\u00a0\u00bbhttps:\/\/nierhaus-knieschoner.de\/wp-content\/uploads\/2023\/03\/EG-Konformitaetserklaerung-Nr-69-PSA-V.pdf\u00a0\u00bb link_option_url_new_window=\u00a0\u00bbon\u00a0\u00bb global_colors_info=\u00a0\u00bb{}\u00a0\u00bb]<\/p>\n<p>D\u00e9claration de conformit\u00e9<\/p>\n<p>[\/et_pb_blurb][\/et_pb_column][\/et_pb_row][\/et_pb_section]<\/p>\n","protected":false},"excerpt":{"rendered":"<p>Normes et d\u00e9clarations de conformit\u00e9 pour les genouill\u00e8resDepuis des d\u00e9cennies, il existe une norme mini\u00e8re allemande DIN 23311 qui prescrit en premier lieu les dimensions et les caract\u00e9ristiques de qualit\u00e9 particuli\u00e8res des genouill\u00e8res. Ils sont d\u00e9finis pour une utilisation durable et une r\u00e9sistance \u00e0 l&rsquo;usure.Avec la mise en \u0153uvre du r\u00e8glement EPI 2016\/425, les genouill\u00e8res [&hellip;]<\/p>\n","protected":false},"author":1,"featured_media":0,"parent":0,"menu_order":0,"comment_status":"closed","ping_status":"closed","template":"","meta":{"_et_pb_use_builder":"on","_et_pb_old_content":"","_et_gb_content_width":"","footnotes":""},"class_list":["post-3246","page","type-page","status-publish","hentry"],"_links":{"self":[{"href":"https:\/\/nierhaus-knieschoner.de\/fr\/wp-json\/wp\/v2\/pages\/3246","targetHints":{"allow":["GET"]}}],"collection":[{"href":"https:\/\/nierhaus-knieschoner.de\/fr\/wp-json\/wp\/v2\/pages"}],"about":[{"href":"https:\/\/nierhaus-knieschoner.de\/fr\/wp-json\/wp\/v2\/types\/page"}],"author":[{"embeddable":true,"href":"https:\/\/nierhaus-knieschoner.de\/fr\/wp-json\/wp\/v2\/users\/1"}],"replies":[{"embeddable":true,"href":"https:\/\/nierhaus-knieschoner.de\/fr\/wp-json\/wp\/v2\/comments?post=3246"}],"version-history":[{"count":10,"href":"https:\/\/nierhaus-knieschoner.de\/fr\/wp-json\/wp\/v2\/pages\/3246\/revisions"}],"predecessor-version":[{"id":4496,"href":"https:\/\/nierhaus-knieschoner.de\/fr\/wp-json\/wp\/v2\/pages\/3246\/revisions\/4496"}],"wp:attachment":[{"href":"https:\/\/nierhaus-knieschoner.de\/fr\/wp-json\/wp\/v2\/media?parent=3246"}],"curies":[{"name":"wp","href":"https:\/\/api.w.org\/{rel}","templated":true}]}}