{"id":4720,"date":"2025-12-16T16:12:15","date_gmt":"2025-12-16T15:12:15","guid":{"rendered":"https:\/\/nierhaus-knieschoner.de\/actualites\/"},"modified":"2025-12-16T17:15:09","modified_gmt":"2025-12-16T16:15:09","slug":"actualites","status":"publish","type":"page","link":"https:\/\/nierhaus-knieschoner.de\/fr\/actualites\/","title":{"rendered":"Actualit\u00e9s"},"content":{"rendered":"<p>[et_pb_section fb_built=\u00a0\u00bb1&Prime; _builder_version=\u00a0\u00bb4.27.5&Prime; _module_preset=\u00a0\u00bbdefault\u00a0\u00bb global_colors_info=\u00a0\u00bb{}\u00a0\u00bb][et_pb_row _builder_version=\u00a0\u00bb4.27.5&Prime; _module_preset=\u00a0\u00bbdefault\u00a0\u00bb global_colors_info=\u00a0\u00bb{}\u00a0\u00bb][et_pb_column type=\u00a0\u00bb4_4&Prime; _builder_version=\u00a0\u00bb4.27.5&Prime; _module_preset=\u00a0\u00bbdefault\u00a0\u00bb global_colors_info=\u00a0\u00bb{}\u00a0\u00bb][et_pb_code _builder_version=\u00a0\u00bb4.27.5&Prime; _module_preset=\u00a0\u00bbdefault\u00a0\u00bb global_colors_info=\u00a0\u00bb{}\u00a0\u00bb]<\/p>\n<section class=\"aktuelles-wrapper\" style=\"padding:90px 0; background:#f1f1f1; font-family:'Inter', sans-serif;\"><!-- [et_pb_line_break_holder] --><!-- [et_pb_line_break_holder] --><!-- Headline Section --><!-- [et_pb_line_break_holder] --><\/p>\n<div class=\"et_pb_row\" style=\"text-align:center; margin-bottom:70px;\"><!-- [et_pb_line_break_holder] --><\/p>\n<h1 style=\"font-size:54px; font-weight:900; color:#0d1a1a; letter-spacing:-0.5px; text-transform:uppercase;\">Actualit\u00e9s<\/h1>\n<p><!-- [et_pb_line_break_holder] --><pee style=\"font-size:20px; color:#333; max-width:720px; margin:10px auto; font-weight:500;\">Nouveaut\u00e9s &#8211; Innovations &#8211; Protection industrielle des genoux pour les professionnels<\/pee><!-- [et_pb_line_break_holder] --><\/div>\n<p><!-- [et_pb_line_break_holder] --><!-- [et_pb_line_break_holder] --><!-- Produkt ERGO PRO (mutig & produktfokussiert) --><!-- [et_pb_line_break_holder] --><\/p>\n<div class=\"et_pb_row\" style=\"background:#ffffff; border-radius:20px; padding:50px; margin-bottom:70px; box-shadow:0 18px 40px rgba(0,0,0,0.12); align-items:center; display:flex; gap:40px;\"><!-- [et_pb_line_break_holder] --><\/p>\n<div class=\"et_pb_column et_pb_column_1_2\" style=\"flex:1;\"><!-- [et_pb_line_break_holder] --><img decoding=\"async\" src=\"\/wp-content\/uploads\/2025\/12\/ErgoPro-Nierhaus-scaled.jpg\" alt=\"Genouill\u00e8re Ergo Pro\" style=\"width:100%; border-radius:16px; box-shadow:0 10px 28px rgba(0,0,0,0.18);\"><!-- [et_pb_line_break_holder] --><pee style=\"text-align:center; margin-top:12px; font-size:18px; font-weight:700; color:#0d1a1a;\">Ergo Pro &#8211; nouvelle genouill\u00e8re disponible \u00e0 partir de f\u00e9vrier 2026<\/pee><!-- [et_pb_line_break_holder] --><\/div>\n<p><!-- [et_pb_line_break_holder] --><!-- [et_pb_line_break_holder] --><\/p>\n<div class=\"et_pb_column et_pb_column_1_2\" style=\"flex:1;\"><!-- [et_pb_line_break_holder] --><\/p>\n<h2 style=\"font-size:40px; font-weight:900; color:#0d1a1a; margin-bottom:12px; letter-spacing:-0.3px; text-transform:uppercase;\">ERGO PRO &#8211; La nouvelle r\u00e9f\u00e9rence<\/h2>\n<p><!-- [et_pb_line_break_holder] --><pee style=\"font-size:18px; line-height:1.7; color:#222; font-weight:500;\"><!-- [et_pb_line_break_holder] -->L&rsquo;<strong>ERGO PRO<\/strong> est une genouill\u00e8re professionnelle et ergonomique con\u00e7ue pour une utilisation durable dans l&rsquo;industrie,<!-- [et_pb_line_break_holder] -->l&rsquo;artisanat et l&rsquo;assemblage. La mousse haute performance et haute densit\u00e9 est r\u00e9sistante et permet de se d\u00e9placer facilement sur les sols sensibles. Un syst\u00e8me de fixation anti-d\u00e9rapant, avec des sangles r\u00e9glables, est facile \u00e0 manipuler et assure un maintien maximal. La tr\u00e8s bonne r\u00e9partition de la pression (test\u00e9e par l&rsquo;IFA : 10Newton) assure une protection optimale des genoux, est particuli\u00e8rement confortable et soulage parfaitement le genou. Con\u00e7u pour les professionnels qui travaillent au sol tous les jours.    <!-- [et_pb_line_break_holder] --><\/pee><!-- [et_pb_line_break_holder] --><pee style=\"font-size:18px; line-height:1.7; color:#222; font-weight:500;\"><!-- [et_pb_line_break_holder] -->Plus de stabilit\u00e9, plus de protection, plus de confort. Moins de contraintes. Moins d&rsquo;usure. Con\u00e7u pour r\u00e9pondre aux exigences extr\u00eames<!-- [et_pb_line_break_holder] -->&#8211; dans tous les environnements.   <!-- [et_pb_line_break_holder] --><\/pee><!-- [et_pb_line_break_holder] --><a href=\"\/wp-content\/uploads\/2025\/12\/Flyer-Ergo-Pro-10-2025_druck-2.pdf\" target=\"_blank\" style=\"display:inline-block; margin-top:22px; background:#0b5e5e; padding:16px 32px; color:#fff; font-size:18px; border-radius:10px; font-weight:700; text-decoration:none; text-transform:uppercase; letter-spacing:0.5px; box-shadow:0 6px 16px rgba(0,0,0,0.25);\">D\u00e9tails du produit<\/a><!-- [et_pb_line_break_holder] --><\/div>\n<p><!-- [et_pb_line_break_holder] --><\/div>\n<p><!-- [et_pb_line_break_holder] --><!-- [et_pb_line_break_holder] --><!-- Messe A+A 2025 (Tech-Industrial Look) --><!-- [et_pb_line_break_holder] --><\/p>\n<div class=\"et_pb_row\" style=\"background:#0d1a1a; border-radius:20px; padding:50px; margin-bottom:70px; color:#fff; display:flex; gap:40px; align-items:center; box-shadow:0 18px 40px rgba(0,0,0,0.20);\"><!-- [et_pb_line_break_holder] --><!-- [et_pb_line_break_holder] --><\/p>\n<div class=\"et_pb_column et_pb_column_1_2\" style=\"flex:1;\"><!-- [et_pb_line_break_holder] --><\/p>\n<h2 style=\"font-size:40px; font-weight:900; margin-bottom:18px; text-transform:uppercase; color:#d9f4f4;\">A+A 2025 &#8211; nous y \u00e9tions<\/h2>\n<p><!-- [et_pb_line_break_holder] --><pee style=\"font-size:18px; line-height:1.8; color:#e6e6e6; font-weight:400;\"><!-- [et_pb_line_break_holder] -->Le salon <strong>A+A de D\u00fcsseldorf<\/strong> est le principal salon consacr\u00e9 \u00e0 la s\u00e9curit\u00e9 au travail et \u00e0 la s\u00e9curit\u00e9 industrielle. En 2025,<!-- [et_pb_line_break_holder] -->Nierhaus GmbH y a pr\u00e9sent\u00e9 ses d\u00e9veloppements les plus modernes &#8211; y compris des d\u00e9monstrations en direct du nouvel ERGO PRO. <!-- [et_pb_line_break_holder] -->Nous avons \u00e9galement pr\u00e9sent\u00e9 des protections durables pour une sant\u00e9 optimale des genoux &#8211; notamment des coussins \u00e0 ins\u00e9rer, des coussins pour les genoux, des genouill\u00e8res ainsi que des coudi\u00e8res et des supports dorsaux<!-- [et_pb_line_break_holder] -->. Merci \u00e0 tous ceux qui sont pass\u00e9s sur notre stand<!-- [et_pb_line_break_holder] -->, qui ont pos\u00e9 des questions, essay\u00e9 et \u00e9chang\u00e9 avec nous<!-- [et_pb_line_break_holder] -->.  <!-- [et_pb_line_break_holder] --><!-- [et_pb_line_break_holder] -->Nous attendons avec impatience le prochain A+A en 2027.<!-- [et_pb_line_break_holder] --><\/pee><!-- [et_pb_line_break_holder] --><\/div>\n<p><!-- [et_pb_line_break_holder] --><!-- [et_pb_line_break_holder] --><\/p>\n<div class=\"et_pb_column et_pb_column_1_2\" style=\"flex:1;\"><!-- [et_pb_line_break_holder] --><img decoding=\"async\" src=\"\/wp-content\/uploads\/2025\/12\/aa2027.jpg\" alt=\"Salon A+A 2025\" style=\"width:100%; border-radius:16px; box-shadow:0 10px 28px rgba(0,0,0,0.18);\"><!-- [et_pb_line_break_holder] --><\/div>\n<p><!-- [et_pb_line_break_holder] --><\/div>\n<p><!-- [et_pb_line_break_holder] --><!-- [et_pb_line_break_holder] --><!-- Imagevideo (Premium Modern) --><!-- [et_pb_line_break_holder] --><\/p>\n<div class=\"et_pb_row\" style=\"background:#ffffff; border-radius:20px; padding:60px; box-shadow:0 18px 40px rgba(0,0,0,0.12); text-align:center;\"><!-- [et_pb_line_break_holder] --><\/p>\n<h2 style=\"font-size:40px; font-weight:900; color:#0d1a1a; margin-bottom:18px; text-transform:uppercase;\">Marque Vid\u00e9o 2025<\/h2>\n<p><!-- [et_pb_line_break_holder] --><pee style=\"font-size:18px; max-width:760px; margin:0 auto 30px auto; line-height:1.8; color:#222; font-weight:500;\"><!-- [et_pb_line_break_holder] -->Puissant et efficace. Directe et sans d\u00e9tour. Authentique. La nouvelle vid\u00e9o d&rsquo;image montre pourquoi Nierhaus est consid\u00e9r\u00e9e depuis des d\u00e9cennies comme une marque haut de gamme dans le domaine des genouill\u00e8res professionnelles<!-- [et_pb_line_break_holder] -->.   <!-- [et_pb_line_break_holder] --><\/pee><!-- [et_pb_line_break_holder] --><\/p>\n<div style=\"margin-top:25px;\"><!-- [et_pb_line_break_holder] --><iframe loading=\"lazy\" width=\"950\" height=\"520\" src=\"https:\/\/nierhaus-knieschoner.de\/bildergalerie\/Video\/nierhaus-knieschoner--Imagefilm.mp4\" frameborder=\"0\" allowfullscreen=\"\" style=\"border-radius:16px; width:100%; max-width:950px; box-shadow:0 12px 32px rgba(0,0,0,0.25);\"><\/iframe><!-- [et_pb_line_break_holder] --><\/div>\n<p><!-- [et_pb_line_break_holder] --><\/div>\n<p><!-- [et_pb_line_break_holder] --><!-- [et_pb_line_break_holder] --><\/section>\n<p>[\/et_pb_code][\/et_pb_column][\/et_pb_row][\/et_pb_section]<\/p>\n","protected":false},"excerpt":{"rendered":"","protected":false},"author":3,"featured_media":0,"parent":0,"menu_order":0,"comment_status":"closed","ping_status":"closed","template":"","meta":{"_et_pb_use_builder":"on","_et_pb_old_content":"","_et_gb_content_width":"","footnotes":""},"class_list":["post-4720","page","type-page","status-publish","hentry"],"_links":{"self":[{"href":"https:\/\/nierhaus-knieschoner.de\/fr\/wp-json\/wp\/v2\/pages\/4720","targetHints":{"allow":["GET"]}}],"collection":[{"href":"https:\/\/nierhaus-knieschoner.de\/fr\/wp-json\/wp\/v2\/pages"}],"about":[{"href":"https:\/\/nierhaus-knieschoner.de\/fr\/wp-json\/wp\/v2\/types\/page"}],"author":[{"embeddable":true,"href":"https:\/\/nierhaus-knieschoner.de\/fr\/wp-json\/wp\/v2\/users\/3"}],"replies":[{"embeddable":true,"href":"https:\/\/nierhaus-knieschoner.de\/fr\/wp-json\/wp\/v2\/comments?post=4720"}],"version-history":[{"count":2,"href":"https:\/\/nierhaus-knieschoner.de\/fr\/wp-json\/wp\/v2\/pages\/4720\/revisions"}],"predecessor-version":[{"id":4722,"href":"https:\/\/nierhaus-knieschoner.de\/fr\/wp-json\/wp\/v2\/pages\/4720\/revisions\/4722"}],"wp:attachment":[{"href":"https:\/\/nierhaus-knieschoner.de\/fr\/wp-json\/wp\/v2\/media?parent=4720"}],"curies":[{"name":"wp","href":"https:\/\/api.w.org\/{rel}","templated":true}]}}